{"id":4497,"date":"2024-03-14T23:37:48","date_gmt":"2024-03-14T23:37:48","guid":{"rendered":"https:\/\/grupocolemex.com\/escuelalibredemexico\/home-copy\/"},"modified":"2024-04-17T19:16:31","modified_gmt":"2024-04-18T01:16:31","slug":"inicio","status":"publish","type":"page","link":"https:\/\/grupocolemex.com\/escuelalibredemexico\/","title":{"rendered":"Escuela Libre de M\u00e9xico"},"content":{"rendered":"<div class=\"wpb-content-wrapper\"><p>[vc_row margin_bottom=\u00bb0&#8243; padding_bottom=\u00bb20&#8243;][vc_column css=\u00bb.vc_custom_1421856160055{padding-right: 15% !important;padding-left: 15% !important;}\u00bb][vc_column_text]<\/p>\n<h1 style=\"text-align: center;\">Escuela Libre de M\u00e9xico<\/h1>\n<hr style=\"height: 2px; border-width: 0; background-color: #dadada;\" \/>\n<h4 style=\"text-align: center;\">Tiene como objetivo, contribuir al estudio y permanente actualizaci\u00f3n del sistema jur\u00eddico mexicano.<\/h4>\n<p>[\/vc_column_text][\/vc_column][\/vc_row][vc_row middle_content=\u00bbyes\u00bb padding_top=\u00bb30&#8243; padding_bottom=\u00bb40&#8243;][vc_column width=\u00bb1\/2&#8243;]<div class=\"grve-element grve-image grve-animated-item grve-fadeInDown grve-align-center\" style=\"\" data-delay=\"200\"><img loading=\"lazy\" decoding=\"async\" width=\"650\" height=\"494\" src=\"https:\/\/grupocolemex.com\/escuelalibredemexico\/wp-content\/uploads\/2024\/04\/home-Bases-y-Principios.jpg\" class=\"attachment-full size-full\" alt=\"Escuela Libre de M\u00e9xico\" srcset=\"https:\/\/grupocolemex.com\/escuelalibredemexico\/wp-content\/uploads\/2024\/04\/home-Bases-y-Principios.jpg 650w, https:\/\/grupocolemex.com\/escuelalibredemexico\/wp-content\/uploads\/2024\/04\/home-Bases-y-Principios-300x228.jpg 300w\" sizes=\"auto, (max-width: 650px) 100vw, 650px\" \/><\/div>[\/vc_column][vc_column width=\u00bb1\/2&#8243;][vc_column_text]<\/p>\n<h2>Bases y Principios<\/h2>\n<ul>\n<li style=\"font-weight: 400;\" aria-level=\"1\"><span style=\"font-weight: 400;\">Superar el nivel\/calidad de servicio que cualquier instituci\u00f3n p\u00fablica o privada pueda ofrecer.<\/span><\/li>\n<li style=\"font-weight: 400;\" aria-level=\"1\"><span style=\"font-weight: 400;\">Asegurar el nivel de disponibilidad del servicio de acuerdo a los requerimientos y necesidades del cliente.<\/span><\/li>\n<li style=\"font-weight: 400;\" aria-level=\"1\"><span style=\"font-weight: 400;\">Asegurar la versatilidad de sus recursos cuando su planeaci\u00f3n lo permita.<\/span><\/li>\n<li style=\"font-weight: 400;\" aria-level=\"1\"><span style=\"font-weight: 400;\">Garantizar los tiempos de respuesta en los servicios requeridos.<\/span><\/li>\n<li style=\"font-weight: 400;\" aria-level=\"1\"><span style=\"font-weight: 400;\">Ofrecer una mejor relaci\u00f3n costo\/beneficio, comparados con servicios aparentemente similares.<\/span><\/li>\n<\/ul>\n<p>[\/vc_column_text][\/vc_column][\/vc_row][vc_row heading_color=\u00bbprimary-1&#8243; section_type=\u00bbfullwidth-element\u00bb bg_type=\u00bbimage\u00bb bg_image=\u00bb4510&#8243; bg_image_type=\u00bbparallax\u00bb color_overlay=\u00bbdark\u00bb opacity_overlay=\u00bb60&#8243; padding_top=\u00bb120&#8243; padding_bottom=\u00bb120&#8243; font_color=\u00bb#ffffff\u00bb margin_bottom=\u00bb0&#8243;][vc_column css=\u00bb.vc_custom_1421871208102{border-right-width: 1px !important;padding-right: 4% !important;padding-left: 4% !important;border-right-color: #525252 !important;border-right-style: solid !important;}\u00bb][vc_column_text]<\/p>\n<h3><span style=\"font-weight: 400; color: #ffffff;\">Nuestros cursos de capacitaci\u00f3n y actualizaci\u00f3n son elaborados conforme a las necesidades exigidas por el mercado laboral, y adaptables a los planes de instituciones p\u00fablicas o privadas, asegurando el cumplimiento de programas de capacitaci\u00f3n y actualizaci\u00f3n impartidos por \u00e9stas.<\/span><\/h3>\n<p>[\/vc_column_text][\/vc_column][\/vc_row][vc_row padding_top=\u00bb40&#8243; padding_bottom=\u00bb40&#8243;][vc_column width=\u00bb1\/2&#8243;][vc_column_text]<\/p>\n<h2>Nuestra Misi\u00f3n<\/h2>\n<p><span style=\"font-weight: 400;\">Brindar a las y los profesionales los conocimientos te\u00f3ricos y pr\u00e1cticos necesarios para aplicar su materia bajo los principios de eficiencia, lealtad, legalidad, honradez e imparcialidad, y desarrollar las habilidades y destrezas necesarias para el estudio y ense\u00f1anza de su rama.<\/span>[\/vc_column_text]<div class=\"grve-element grve-image grve-align-center\" style=\"\"><img loading=\"lazy\" decoding=\"async\" width=\"900\" height=\"483\" src=\"https:\/\/grupocolemex.com\/escuelalibredemexico\/wp-content\/uploads\/2024\/04\/home-nuestra-mision.jpg\" class=\"attachment-full size-full\" alt=\"Escuela Libre de M\u00e9xico\" srcset=\"https:\/\/grupocolemex.com\/escuelalibredemexico\/wp-content\/uploads\/2024\/04\/home-nuestra-mision.jpg 900w, https:\/\/grupocolemex.com\/escuelalibredemexico\/wp-content\/uploads\/2024\/04\/home-nuestra-mision-300x161.jpg 300w, https:\/\/grupocolemex.com\/escuelalibredemexico\/wp-content\/uploads\/2024\/04\/home-nuestra-mision-768x412.jpg 768w\" sizes=\"auto, (max-width: 900px) 100vw, 900px\" \/><\/div>[\/vc_column][vc_column width=\u00bb1\/2&#8243;][vc_column_text]<\/p>\n<h2>Solicite Informaci\u00f3n<\/h2>\n<p>[\/vc_column_text]\n<div class=\"wpcf7 no-js\" id=\"wpcf7-f4541-o1\" lang=\"en-US\" dir=\"ltr\" data-wpcf7-id=\"4541\">\n<div class=\"screen-reader-response\"><p role=\"status\" aria-live=\"polite\" aria-atomic=\"true\"><\/p> <ul><\/ul><\/div>\n<form action=\"\/escuelalibredemexico\/wp-json\/wp\/v2\/pages\/4497#wpcf7-f4541-o1\" method=\"post\" class=\"wpcf7-form init\" aria-label=\"Contact form\" novalidate=\"novalidate\" data-status=\"init\">\n<fieldset class=\"hidden-fields-container\"><input type=\"hidden\" name=\"_wpcf7\" value=\"4541\" \/><input type=\"hidden\" name=\"_wpcf7_version\" value=\"6.1.5\" \/><input type=\"hidden\" name=\"_wpcf7_locale\" value=\"en_US\" \/><input type=\"hidden\" name=\"_wpcf7_unit_tag\" value=\"wpcf7-f4541-o1\" \/><input type=\"hidden\" name=\"_wpcf7_container_post\" value=\"0\" \/><input type=\"hidden\" name=\"_wpcf7_posted_data_hash\" value=\"\" \/>\n<\/fieldset>\n<p><span class=\"wpcf7-form-control-wrap\" data-name=\"your-name\"><input size=\"40\" maxlength=\"400\" class=\"wpcf7-form-control wpcf7-text wpcf7-validates-as-required\" aria-required=\"true\" aria-invalid=\"false\" placeholder=\"Nombre completo *\" value=\"\" type=\"text\" name=\"your-name\" \/><\/span>\n<\/p>\n<p><span class=\"wpcf7-form-control-wrap\" data-name=\"your-email\"><input size=\"40\" maxlength=\"400\" class=\"wpcf7-form-control wpcf7-email wpcf7-validates-as-required wpcf7-text wpcf7-validates-as-email\" aria-required=\"true\" aria-invalid=\"false\" value=\"Correo electr\u00f3nico (requerido)*\" type=\"email\" name=\"your-email\" \/><\/span>\n<\/p>\n<p><span class=\"wpcf7-form-control-wrap\" data-name=\"telfono\"><input size=\"40\" maxlength=\"400\" class=\"wpcf7-form-control wpcf7-tel wpcf7-validates-as-required wpcf7-text wpcf7-validates-as-tel\" aria-required=\"true\" aria-invalid=\"false\" value=\"Tel\u00e9fono (requerido)*\" type=\"tel\" name=\"telfono\" \/><\/span>\n<\/p>\n<p><span id=\"wpcf7-69e49cde69964-wrapper\" class=\"wpcf7-form-control-wrap trampa-mail-wrap\" style=\"display:none !important; visibility:hidden !important;\"><label for=\"wpcf7-69e49cde69964-field\" class=\"hp-message\">Please leave this field empty.<\/label><input id=\"wpcf7-69e49cde69964-field\"  class=\"wpcf7-form-control wpcf7-text\" type=\"text\" name=\"trampa-mail\" value=\"\" size=\"40\" tabindex=\"-1\" autocomplete=\"new-password\" \/><\/span><br \/>\n<span class=\"wpcf7-form-control-wrap\" data-name=\"your-message\"><textarea cols=\"40\" rows=\"10\" maxlength=\"2000\" class=\"wpcf7-form-control wpcf7-textarea\" aria-invalid=\"false\" name=\"your-message\">Mensaje<\/textarea><\/span>\n<\/p>\n<p><input class=\"wpcf7-form-control wpcf7-submit has-spinner\" type=\"submit\" value=\"Solicitar informaci\u00f3n\" \/>\n<\/p><div class=\"wpcf7-response-output\" aria-hidden=\"true\"><\/div>\n<\/form>\n<\/div>\n[\/vc_column][\/vc_row]<\/p>\n<\/div>","protected":false},"excerpt":{"rendered":"<p>[vc_row margin_bottom=\u00bb0&#8243; padding_bottom=\u00bb20&#8243;][vc_column css=\u00bb.vc_custom_1421856160055{padding-right: 15% !important;padding-left: 15% !important;}\u00bb][vc_column_text] Escuela Libre de M\u00e9xico Tiene como objetivo, contribuir al estudio y permanente actualizaci\u00f3n del sistema jur\u00eddico mexicano. [\/vc_column_text][\/vc_column][\/vc_row][vc_row middle_content=\u00bbyes\u00bb padding_top=\u00bb30&#8243; padding_bottom=\u00bb40&#8243;][vc_column width=\u00bb1\/2&#8243;][\/vc_column][vc_column width=\u00bb1\/2&#8243;][vc_column_text] Bases y Principios Superar el nivel\/calidad de servicio que cualquier instituci\u00f3n p\u00fablica o privada pueda ofrecer. Asegurar el nivel de disponibilidad del servicio de [&hellip;]<\/p>\n","protected":false},"author":1,"featured_media":0,"parent":0,"menu_order":0,"comment_status":"open","ping_status":"closed","template":"","meta":{"footnotes":""},"class_list":["post-4497","page","type-page","status-publish","hentry"],"_links":{"self":[{"href":"https:\/\/grupocolemex.com\/escuelalibredemexico\/wp-json\/wp\/v2\/pages\/4497","targetHints":{"allow":["GET"]}}],"collection":[{"href":"https:\/\/grupocolemex.com\/escuelalibredemexico\/wp-json\/wp\/v2\/pages"}],"about":[{"href":"https:\/\/grupocolemex.com\/escuelalibredemexico\/wp-json\/wp\/v2\/types\/page"}],"author":[{"embeddable":true,"href":"https:\/\/grupocolemex.com\/escuelalibredemexico\/wp-json\/wp\/v2\/users\/1"}],"replies":[{"embeddable":true,"href":"https:\/\/grupocolemex.com\/escuelalibredemexico\/wp-json\/wp\/v2\/comments?post=4497"}],"version-history":[{"count":54,"href":"https:\/\/grupocolemex.com\/escuelalibredemexico\/wp-json\/wp\/v2\/pages\/4497\/revisions"}],"predecessor-version":[{"id":4610,"href":"https:\/\/grupocolemex.com\/escuelalibredemexico\/wp-json\/wp\/v2\/pages\/4497\/revisions\/4610"}],"wp:attachment":[{"href":"https:\/\/grupocolemex.com\/escuelalibredemexico\/wp-json\/wp\/v2\/media?parent=4497"}],"curies":[{"name":"wp","href":"https:\/\/api.w.org\/{rel}","templated":true}]}}