{"id":2412,"date":"2024-10-21T16:21:21","date_gmt":"2024-10-21T22:21:21","guid":{"rendered":"https:\/\/grupocolemex.com\/colemexdisenolegal\/paula-martinez-morales-copy-copy\/"},"modified":"2024-10-21T16:57:05","modified_gmt":"2024-10-21T22:57:05","slug":"alberto-ortiz-garcia","status":"publish","type":"page","link":"https:\/\/grupocolemex.com\/colemexdisenolegal\/alberto-ortiz-garcia\/","title":{"rendered":"Alberto Ortiz Garc\u00eda"},"content":{"rendered":"<section class=\"wpb-content-wrapper\">[vc_row][vc_column][vc_empty_space height=&#8221;20px&#8221;][\/vc_column][\/vc_row][vc_row][vc_column][vc_column_text]\n<h1>Alberto Ortiz Garc\u00eda<\/h1>\n[\/vc_column_text][\/vc_column][\/vc_row][vc_row][vc_column][vc_empty_space height=&#8221;20px&#8221;][\/vc_column][\/vc_row][vc_row css=&#8221;.vc_custom_1703039605784{padding-top: 15px !important;padding-bottom: 15px !important;}&#8221;][vc_column width=&#8221;1\/4&#8243;][vc_single_image image=&#8221;2416&#8243; img_size=&#8221;medium&#8221;][vc_column_text css=&#8221;.vc_custom_1729551258036{padding-top: 25px !important;}&#8221;]Tel: 55 5235-6060<br \/>\n<u>a.ortiz@grupocolemex.com<\/u>[\/vc_column_text][\/vc_column][vc_column width=&#8221;3\/4&#8243;][vc_column_text css=&#8221;.vc_custom_1729549377290{padding-bottom: 20px !important;}&#8221;]<strong>Licenciado en Derecho de la Facultad de Derecho de la Universidad Nacional Aut\u00f3noma de M\u00e9xico.<\/strong><\/p>\n<p>Integrando sus conocimientos en seguridad de la informaci\u00f3n form\u00f3 parte de los becarios en el centro iberoamericano para el desarrollo y la investigaci\u00f3n de la ciberseguridad, ampliando su pr\u00e1ctica con an\u00e1lisis legislativos y asesor\u00edas al sector p\u00fablico y privado sobre protecci\u00f3n de datos, transparencia, archivos y seguridad de la informaci\u00f3n.<\/p>\n<p>Iniciando su ejercicio profesional en Colemex Dise\u00f1o Legal en el a\u00f1o de 2022, permiti\u00e9ndose desarrollar en el \u00e1rea civil, laboral y mercantil, integr\u00e1ndose al planteamiento y desarrollo de proyectos de amparo, conciliaciones exitosas entre otro tipo de procedimientos en diversas instancias locales, estatales y federales.[\/vc_column_text][\/vc_column][\/vc_row][vc_row][vc_column][vc_empty_space height=&#8221;40px&#8221;][\/vc_column][\/vc_row][vc_row][vc_column][vc_column_text css=&#8221;.vc_custom_1713386180988{padding-bottom: 20px !important;}&#8221;]\n<h3>Nuestro Equipo<\/h3>\n[\/vc_column_text][\/vc_column][\/vc_row][vc_row][vc_column width=&#8221;1\/6&#8243;][vc_single_image image=&#8221;2417&#8243; onclick=&#8221;custom_link&#8221; link=&#8221;\/colemexdisenolegal\/paula-martinez-morales\/&#8221;][vc_column_text css=&#8221;.vc_custom_1729551422936{padding-top: 8px !important;}&#8221;]\n<h6><a href=\"\/colemexdisenolegal\/paula-martinez-morales\/\">Paula Mart\u00ednez Morales<\/a><\/h6>\n[\/vc_column_text][\/vc_column][vc_column width=&#8221;1\/6&#8243;][vc_single_image image=&#8221;2187&#8243; onclick=&#8221;custom_link&#8221; link=&#8221;\/colemexdisenolegal\/aaron-alejandro-monroy-juarez\/&#8221;][vc_column_text css=&#8221;.vc_custom_1713383630041{padding-top: 8px !important;}&#8221;]\n<h6><a href=\"\/colemexdisenolegal\/aaron-alejandro-monroy-juarez\/\">Aaron A. Monroy Ju\u00e1rez<\/a><\/h6>\n[\/vc_column_text][\/vc_column][vc_column width=&#8221;1\/6&#8243;][vc_single_image image=&#8221;2189&#8243; onclick=&#8221;custom_link&#8221; link=&#8221;\/colemexdisenolegal\/emilio-hernandez-mora\/&#8221;][vc_column_text css=&#8221;.vc_custom_1713383670182{padding-top: 8px !important;}&#8221;]\n<h6><a href=\"\/colemexdisenolegal\/emilio-hernandez-mora\/\">Emilio Hern\u00e1ndez Mora<\/a><\/h6>\n[\/vc_column_text][\/vc_column][vc_column width=&#8221;1\/6&#8243;][vc_single_image image=&#8221;2191&#8243; onclick=&#8221;custom_link&#8221; link=&#8221;\/colemexdisenolegal\/ranulfo-martinez-bacilio\/&#8221;][vc_column_text css=&#8221;.vc_custom_1713383707758{padding-top: 8px !important;}&#8221;]\n<h6><a href=\"\/colemexdisenolegal\/ranulfo-martinez-bacilio\/\">Ranulfo Mart\u00ednez Bacilio<\/a><\/h6>\n[\/vc_column_text][\/vc_column][vc_column width=&#8221;1\/6&#8243;][vc_single_image image=&#8221;2193&#8243; onclick=&#8221;custom_link&#8221; link=&#8221;\/colemexdisenolegal\/christian-hernandez-garcia\/&#8221;][vc_column_text css=&#8221;.vc_custom_1713383747387{padding-top: 8px !important;}&#8221;]\n<h6><a href=\"\/colemexdisenolegal\/christian-hernandez-garcia\/\">Christian Hern\u00e1ndez Garc\u00eda<\/a><\/h6>\n[\/vc_column_text][\/vc_column][vc_column width=&#8221;1\/6&#8243;][vc_single_image image=&#8221;2269&#8243; onclick=&#8221;custom_link&#8221; link=&#8221;\/colemexdisenolegal\/saul-eduardo-estrada-acosta\/&#8221;][vc_column_text css=&#8221;.vc_custom_1713383786591{padding-top: 8px !important;}&#8221;]\n<h6><a href=\"\/colemexdisenolegal\/saul-eduardo-estrada-acosta\/\">Sa\u00fal Eduardo Estrada Acosta<\/a><\/h6>\n[\/vc_column_text][\/vc_column][\/vc_row]\n<\/section>","protected":false},"excerpt":{"rendered":"<p>[vc_row][vc_column][vc_empty_space height=&#8221;20px&#8221;][\/vc_column][\/vc_row][vc_row][vc_column][vc_column_text] Alberto Ortiz Garc\u00eda [\/vc_column_text][\/vc_column][\/vc_row][vc_row][vc_column][vc_empty_space height=&#8221;20px&#8221;][\/vc_column][\/vc_row][vc_row css=&#8221;.vc_custom_1703039605784{padding-top: 15px !important;padding-bottom: 15px !important;}&#8221;][vc_column width=&#8221;1\/4&#8243;][vc_single_image image=&#8221;2416&#8243; img_size=&#8221;medium&#8221;][vc_column_text css=&#8221;.vc_custom_1729551258036{padding-top: 25px !important;}&#8221;]Tel: 55 5235-6060 a.ortiz@grupocolemex.com[\/vc_column_text][\/vc_column][vc_column width=&#8221;3\/4&#8243;][vc_column_text css=&#8221;.vc_custom_1729549377290{padding-bottom: 20px !important;}&#8221;]Licenciado en Derecho de la Facultad de Derecho de la Universidad Nacional Aut\u00f3noma de M\u00e9xico. Integrando sus conocimientos en seguridad de la informaci\u00f3n form\u00f3 parte de los becarios en el centro [&hellip;]<\/p>\n","protected":false},"author":1,"featured_media":0,"parent":0,"menu_order":0,"comment_status":"closed","ping_status":"closed","template":"","meta":{"footnotes":""},"class_list":["post-2412","page","type-page","status-publish","hentry"],"_links":{"self":[{"href":"https:\/\/grupocolemex.com\/colemexdisenolegal\/wp-json\/wp\/v2\/pages\/2412","targetHints":{"allow":["GET"]}}],"collection":[{"href":"https:\/\/grupocolemex.com\/colemexdisenolegal\/wp-json\/wp\/v2\/pages"}],"about":[{"href":"https:\/\/grupocolemex.com\/colemexdisenolegal\/wp-json\/wp\/v2\/types\/page"}],"author":[{"embeddable":true,"href":"https:\/\/grupocolemex.com\/colemexdisenolegal\/wp-json\/wp\/v2\/users\/1"}],"replies":[{"embeddable":true,"href":"https:\/\/grupocolemex.com\/colemexdisenolegal\/wp-json\/wp\/v2\/comments?post=2412"}],"version-history":[{"count":6,"href":"https:\/\/grupocolemex.com\/colemexdisenolegal\/wp-json\/wp\/v2\/pages\/2412\/revisions"}],"predecessor-version":[{"id":2421,"href":"https:\/\/grupocolemex.com\/colemexdisenolegal\/wp-json\/wp\/v2\/pages\/2412\/revisions\/2421"}],"wp:attachment":[{"href":"https:\/\/grupocolemex.com\/colemexdisenolegal\/wp-json\/wp\/v2\/media?parent=2412"}],"curies":[{"name":"wp","href":"https:\/\/api.w.org\/{rel}","templated":true}]}}