{"id":2407,"date":"2024-10-21T16:16:19","date_gmt":"2024-10-21T22:16:19","guid":{"rendered":"https:\/\/grupocolemex.com\/colemexdisenolegal\/alan-molina-sanchez-copy\/"},"modified":"2024-10-21T17:04:16","modified_gmt":"2024-10-21T23:04:16","slug":"paula-martinez-morales","status":"publish","type":"page","link":"https:\/\/grupocolemex.com\/colemexdisenolegal\/paula-martinez-morales\/","title":{"rendered":"Paula Mart\u00ednez Morales"},"content":{"rendered":"<section class=\"wpb-content-wrapper\">[vc_row][vc_column][vc_empty_space height=&#8221;20px&#8221;][\/vc_column][\/vc_row][vc_row][vc_column][vc_column_text]\n<h1>Paula Mart\u00ednez Morales<\/h1>\n[\/vc_column_text][\/vc_column][\/vc_row][vc_row][vc_column][vc_empty_space height=&#8221;20px&#8221;][\/vc_column][\/vc_row][vc_row css=&#8221;.vc_custom_1703039605784{padding-top: 15px !important;padding-bottom: 15px !important;}&#8221;][vc_column width=&#8221;1\/4&#8243;][vc_single_image image=&#8221;2417&#8243; img_size=&#8221;medium&#8221;][vc_column_text css=&#8221;.vc_custom_1729551767096{padding-top: 25px !important;}&#8221;]Tel: 55 5235-6060<br \/>\n<u>p.martinez@grupocolemex.com<\/u>[\/vc_column_text][\/vc_column][vc_column width=&#8221;3\/4&#8243;][vc_column_text css=&#8221;.vc_custom_1729549152993{padding-bottom: 20px !important;}&#8221;]<strong>Estudiante de s\u00e9ptimo semestre de la Licenciatura en Derecho en la Universidad Nacional Aut\u00f3noma de M\u00e9xico.<\/strong><\/p>\n<p>Colabor\u00f3 como pasante en un corporativo jur\u00eddico privado durante un a\u00f1o, siendo la encargada del \u00e1rea de Migraci\u00f3n, atendiendo asuntos jur\u00eddicos y tr\u00e1mites administrativos de personas f\u00edsicas y morales ante el Instituto Nacional de Migraci\u00f3n.<\/p>\n<p>Adem\u00e1s, tuvo una recurrente intervenci\u00f3n en asuntos de Propiedad Industrial, espec\u00edficamente en la Materia de Marcas ante el IMPI, participaci\u00f3n de conciliaciones ante PROFECO, as\u00ed como planeaci\u00f3n, desarroll\u00f3, seguimiento y vigilancia en la constituci\u00f3n y operaci\u00f3n de SOFOM&#8217;s ante la CNVB y la CONDUSEF.<\/p>\n<p>Miembro de COLEMEX Dise\u00f1o Legal desde junio el 2024, desempe\u00f1\u00e1ndose en las \u00c1reas Civil, Mercantil, Familiar, Administrativo y Amparo, colaborando en la elaboraci\u00f3n y desarrollo de Demandas, Juicios de Nulidad, Recursos de Revisi\u00f3n, Juicios de Amparo Directo e Indirecto, entre otros; ante instancias judiciales y administrativas locales, estatales y federales.[\/vc_column_text][\/vc_column][\/vc_row][vc_row][vc_column][vc_empty_space height=&#8221;40px&#8221;][\/vc_column][\/vc_row][vc_row][vc_column][vc_column_text css=&#8221;.vc_custom_1713386180988{padding-bottom: 20px !important;}&#8221;]\n<h3>Nuestro Equipo<\/h3>\n[\/vc_column_text][\/vc_column][\/vc_row][vc_row][vc_column width=&#8221;1\/6&#8243;][vc_single_image image=&#8221;2415&#8243; onclick=&#8221;custom_link&#8221; link=&#8221;\/colemexdisenolegal\/alan-molina-sanchez\/&#8221;][vc_column_text css=&#8221;.vc_custom_1729551853242{padding-top: 8px !important;}&#8221;]\n<h6><a href=\"\/colemexdisenolegal\/alan-molina-sanchez\/\">Alan Molina S\u00e1nchez<\/a><\/h6>\n[\/vc_column_text][\/vc_column][vc_column width=&#8221;1\/6&#8243;][vc_single_image image=&#8221;2187&#8243; onclick=&#8221;custom_link&#8221; link=&#8221;\/colemexdisenolegal\/aaron-alejandro-monroy-juarez\/&#8221;][vc_column_text css=&#8221;.vc_custom_1713383630041{padding-top: 8px !important;}&#8221;]\n<h6><a href=\"\/colemexdisenolegal\/aaron-alejandro-monroy-juarez\/\">Aaron A. Monroy Ju\u00e1rez<\/a><\/h6>\n[\/vc_column_text][\/vc_column][vc_column width=&#8221;1\/6&#8243;][vc_single_image image=&#8221;2189&#8243; onclick=&#8221;custom_link&#8221; link=&#8221;\/colemexdisenolegal\/emilio-hernandez-mora\/&#8221;][vc_column_text css=&#8221;.vc_custom_1713383670182{padding-top: 8px !important;}&#8221;]\n<h6><a href=\"\/colemexdisenolegal\/emilio-hernandez-mora\/\">Emilio Hern\u00e1ndez Mora<\/a><\/h6>\n[\/vc_column_text][\/vc_column][vc_column width=&#8221;1\/6&#8243;][vc_single_image image=&#8221;2191&#8243; onclick=&#8221;custom_link&#8221; link=&#8221;\/colemexdisenolegal\/ranulfo-martinez-bacilio\/&#8221;][vc_column_text css=&#8221;.vc_custom_1713383707758{padding-top: 8px !important;}&#8221;]\n<h6><a href=\"\/colemexdisenolegal\/ranulfo-martinez-bacilio\/\">Ranulfo Mart\u00ednez Bacilio<\/a><\/h6>\n[\/vc_column_text][\/vc_column][vc_column width=&#8221;1\/6&#8243;][vc_single_image image=&#8221;2193&#8243; onclick=&#8221;custom_link&#8221; link=&#8221;\/colemexdisenolegal\/christian-hernandez-garcia\/&#8221;][vc_column_text css=&#8221;.vc_custom_1713383747387{padding-top: 8px !important;}&#8221;]\n<h6><a href=\"\/colemexdisenolegal\/christian-hernandez-garcia\/\">Christian Hern\u00e1ndez Garc\u00eda<\/a><\/h6>\n[\/vc_column_text][\/vc_column][vc_column width=&#8221;1\/6&#8243;][vc_single_image image=&#8221;2269&#8243; onclick=&#8221;custom_link&#8221; link=&#8221;\/colemexdisenolegal\/saul-eduardo-estrada-acosta\/&#8221;][vc_column_text css=&#8221;.vc_custom_1713383786591{padding-top: 8px !important;}&#8221;]\n<h6><a href=\"\/colemexdisenolegal\/saul-eduardo-estrada-acosta\/\">Sa\u00fal Eduardo Estrada Acosta<\/a><\/h6>\n[\/vc_column_text][\/vc_column][\/vc_row]\n<\/section>","protected":false},"excerpt":{"rendered":"<p>[vc_row][vc_column][vc_empty_space height=&#8221;20px&#8221;][\/vc_column][\/vc_row][vc_row][vc_column][vc_column_text] Paula Mart\u00ednez Morales [\/vc_column_text][\/vc_column][\/vc_row][vc_row][vc_column][vc_empty_space height=&#8221;20px&#8221;][\/vc_column][\/vc_row][vc_row css=&#8221;.vc_custom_1703039605784{padding-top: 15px !important;padding-bottom: 15px !important;}&#8221;][vc_column width=&#8221;1\/4&#8243;][vc_single_image image=&#8221;2417&#8243; img_size=&#8221;medium&#8221;][vc_column_text css=&#8221;.vc_custom_1729551767096{padding-top: 25px !important;}&#8221;]Tel: 55 5235-6060 p.martinez@grupocolemex.com[\/vc_column_text][\/vc_column][vc_column width=&#8221;3\/4&#8243;][vc_column_text css=&#8221;.vc_custom_1729549152993{padding-bottom: 20px !important;}&#8221;]Estudiante de s\u00e9ptimo semestre de la Licenciatura en Derecho en la Universidad Nacional Aut\u00f3noma de M\u00e9xico. Colabor\u00f3 como pasante en un corporativo jur\u00eddico privado durante un a\u00f1o, siendo la encargada del [&hellip;]<\/p>\n","protected":false},"author":1,"featured_media":0,"parent":0,"menu_order":0,"comment_status":"closed","ping_status":"closed","template":"","meta":{"footnotes":""},"class_list":["post-2407","page","type-page","status-publish","hentry"],"_links":{"self":[{"href":"https:\/\/grupocolemex.com\/colemexdisenolegal\/wp-json\/wp\/v2\/pages\/2407","targetHints":{"allow":["GET"]}}],"collection":[{"href":"https:\/\/grupocolemex.com\/colemexdisenolegal\/wp-json\/wp\/v2\/pages"}],"about":[{"href":"https:\/\/grupocolemex.com\/colemexdisenolegal\/wp-json\/wp\/v2\/types\/page"}],"author":[{"embeddable":true,"href":"https:\/\/grupocolemex.com\/colemexdisenolegal\/wp-json\/wp\/v2\/users\/1"}],"replies":[{"embeddable":true,"href":"https:\/\/grupocolemex.com\/colemexdisenolegal\/wp-json\/wp\/v2\/comments?post=2407"}],"version-history":[{"count":3,"href":"https:\/\/grupocolemex.com\/colemexdisenolegal\/wp-json\/wp\/v2\/pages\/2407\/revisions"}],"predecessor-version":[{"id":2424,"href":"https:\/\/grupocolemex.com\/colemexdisenolegal\/wp-json\/wp\/v2\/pages\/2407\/revisions\/2424"}],"wp:attachment":[{"href":"https:\/\/grupocolemex.com\/colemexdisenolegal\/wp-json\/wp\/v2\/media?parent=2407"}],"curies":[{"name":"wp","href":"https:\/\/api.w.org\/{rel}","templated":true}]}}