{"id":2405,"date":"2024-10-21T16:05:36","date_gmt":"2024-10-21T22:05:36","guid":{"rendered":"https:\/\/grupocolemex.com\/colemexdisenolegal\/ariel-lopez-castillo-copy\/"},"modified":"2024-10-21T17:00:51","modified_gmt":"2024-10-21T23:00:51","slug":"alan-molina-sanchez","status":"publish","type":"page","link":"https:\/\/grupocolemex.com\/colemexdisenolegal\/alan-molina-sanchez\/","title":{"rendered":"Alan Molina S\u00e1nchez"},"content":{"rendered":"<section class=\"wpb-content-wrapper\">[vc_row][vc_column][vc_empty_space height=&#8221;20px&#8221;][\/vc_column][\/vc_row][vc_row][vc_column][vc_column_text]\n<h1>Alan Molina S\u00e1nchez<\/h1>\n[\/vc_column_text][\/vc_column][\/vc_row][vc_row][vc_column][vc_empty_space height=&#8221;20px&#8221;][\/vc_column][\/vc_row][vc_row css=&#8221;.vc_custom_1703039605784{padding-top: 15px !important;padding-bottom: 15px !important;}&#8221;][vc_column width=&#8221;1\/4&#8243;][vc_single_image image=&#8221;2415&#8243; img_size=&#8221;medium&#8221;][vc_column_text css=&#8221;.vc_custom_1729551573365{padding-top: 25px !important;}&#8221;]\n<p>Tel: 55 5235-6060<br \/><u>a.molina@grupocolemex.com<\/u><\/p>\n<p><span data-mce-type=\"bookmark\" style=\"display: inline-block; width: 0px; overflow: hidden; line-height: 0;\" class=\"mce_SELRES_start\">\ufeff<\/span>[\/vc_column_text][\/vc_column][vc_column width=&#8221;3\/4&#8243;][vc_column_text css=&#8221;.vc_custom_1729548596235{padding-bottom: 20px !important;}&#8221;]<strong>Licenciado en Administraci\u00f3n de Empresas, egresado de la Universidad del Valle de M\u00e9xico.<\/strong><\/p>\n<p>Colaborando en el \u00e1rea administrativa del programa \u201cIntroducci\u00f3n al \u00e1mbito laboral CAISA 2022\u201d, donde desempe\u00f1o actividades como:<\/p>\n<ul>\n<li>Obtenci\u00f3n de documentos del marco legal de diferentes pa\u00edses y su clasificaci\u00f3n<\/li>\n<li>Generaci\u00f3n de \u00edndices, marcadores y v\u00ednculos en archivos electr\u00f3nicos<\/li>\n<li>Registro y Manejo de bases de datos<\/li>\n<li>Desarrollo de est\u00e1ndares de materiales did\u00e1cticos, libros, archivos electr\u00f3nicos etc.<\/li>\n<li>Dise\u00f1ar multimedios (pictogramas, logos, im\u00e1genes, animaciones)<\/li>\n<li>Crear im\u00e1genes y objetos en movimiento (animados)<\/li>\n<\/ul>\n<p>Actualmente colabora en COLEMEX Dise\u00f1o Legal, especializado en el \u00e1rea de Seguridad Privada. Llevando a cabo distintos tr\u00e1mites en diversas instancias regulatorias de gobierno ya sea local, estatal o federal.[\/vc_column_text][\/vc_column][\/vc_row][vc_row][vc_column][vc_empty_space height=&#8221;40px&#8221;][\/vc_column][\/vc_row][vc_row][vc_column][vc_column_text css=&#8221;.vc_custom_1713386180988{padding-bottom: 20px !important;}&#8221;]\n<h3>Nuestro Equipo<\/h3>\n[\/vc_column_text][\/vc_column][\/vc_row][vc_row][vc_column width=&#8221;1\/6&#8243;][vc_single_image image=&#8221;2417&#8243; onclick=&#8221;custom_link&#8221; link=&#8221;\/colemexdisenolegal\/paula-martinez-morales\/&#8221;][vc_column_text css=&#8221;.vc_custom_1729551645001{padding-top: 8px !important;}&#8221;]\n<h6><a href=\"\/colemexdisenolegal\/paula-martinez-morales\/\">Paula Mart\u00ednez Morales<\/a><\/h6>\n[\/vc_column_text][\/vc_column][vc_column width=&#8221;1\/6&#8243;][vc_single_image image=&#8221;2187&#8243; onclick=&#8221;custom_link&#8221; link=&#8221;\/colemexdisenolegal\/aaron-alejandro-monroy-juarez\/&#8221;][vc_column_text css=&#8221;.vc_custom_1713383630041{padding-top: 8px !important;}&#8221;]\n<h6><a href=\"\/colemexdisenolegal\/aaron-alejandro-monroy-juarez\/\">Aaron A. Monroy Ju\u00e1rez<\/a><\/h6>\n[\/vc_column_text][\/vc_column][vc_column width=&#8221;1\/6&#8243;][vc_single_image image=&#8221;2189&#8243; onclick=&#8221;custom_link&#8221; link=&#8221;\/colemexdisenolegal\/emilio-hernandez-mora\/&#8221;][vc_column_text css=&#8221;.vc_custom_1713383670182{padding-top: 8px !important;}&#8221;]\n<h6><a href=\"\/colemexdisenolegal\/emilio-hernandez-mora\/\">Emilio Hern\u00e1ndez Mora<\/a><\/h6>\n[\/vc_column_text][\/vc_column][vc_column width=&#8221;1\/6&#8243;][vc_single_image image=&#8221;2191&#8243; onclick=&#8221;custom_link&#8221; link=&#8221;\/colemexdisenolegal\/ranulfo-martinez-bacilio\/&#8221;][vc_column_text css=&#8221;.vc_custom_1713383707758{padding-top: 8px !important;}&#8221;]\n<h6><a href=\"\/colemexdisenolegal\/ranulfo-martinez-bacilio\/\">Ranulfo Mart\u00ednez Bacilio<\/a><\/h6>\n[\/vc_column_text][\/vc_column][vc_column width=&#8221;1\/6&#8243;][vc_single_image image=&#8221;2193&#8243; onclick=&#8221;custom_link&#8221; link=&#8221;\/colemexdisenolegal\/christian-hernandez-garcia\/&#8221;][vc_column_text css=&#8221;.vc_custom_1713383747387{padding-top: 8px !important;}&#8221;]\n<h6><a href=\"\/colemexdisenolegal\/christian-hernandez-garcia\/\">Christian Hern\u00e1ndez Garc\u00eda<\/a><\/h6>\n[\/vc_column_text][\/vc_column][vc_column width=&#8221;1\/6&#8243;][vc_single_image image=&#8221;2269&#8243; onclick=&#8221;custom_link&#8221; link=&#8221;\/colemexdisenolegal\/saul-eduardo-estrada-acosta\/&#8221;][vc_column_text css=&#8221;.vc_custom_1713383786591{padding-top: 8px !important;}&#8221;]\n<h6><a href=\"\/colemexdisenolegal\/saul-eduardo-estrada-acosta\/\">Sa\u00fal Eduardo Estrada Acosta<\/a><\/h6>\n[\/vc_column_text][\/vc_column][\/vc_row]\n<\/section>","protected":false},"excerpt":{"rendered":"<p>[vc_row][vc_column][vc_empty_space height=&#8221;20px&#8221;][\/vc_column][\/vc_row][vc_row][vc_column][vc_column_text] Alan Molina S\u00e1nchez [\/vc_column_text][\/vc_column][\/vc_row][vc_row][vc_column][vc_empty_space height=&#8221;20px&#8221;][\/vc_column][\/vc_row][vc_row css=&#8221;.vc_custom_1703039605784{padding-top: 15px !important;padding-bottom: 15px !important;}&#8221;][vc_column width=&#8221;1\/4&#8243;][vc_single_image image=&#8221;2415&#8243; img_size=&#8221;medium&#8221;][vc_column_text css=&#8221;.vc_custom_1729551573365{padding-top: 25px !important;}&#8221;] Tel: 55 5235-6060a.molina@grupocolemex.com \ufeff[\/vc_column_text][\/vc_column][vc_column width=&#8221;3\/4&#8243;][vc_column_text css=&#8221;.vc_custom_1729548596235{padding-bottom: 20px !important;}&#8221;]Licenciado en Administraci\u00f3n de Empresas, egresado de la Universidad del Valle de M\u00e9xico. Colaborando en el \u00e1rea administrativa del programa \u201cIntroducci\u00f3n al \u00e1mbito laboral CAISA 2022\u201d, donde desempe\u00f1o actividades como: [&hellip;]<\/p>\n","protected":false},"author":1,"featured_media":0,"parent":0,"menu_order":0,"comment_status":"closed","ping_status":"closed","template":"","meta":{"footnotes":""},"class_list":["post-2405","page","type-page","status-publish","hentry"],"_links":{"self":[{"href":"https:\/\/grupocolemex.com\/colemexdisenolegal\/wp-json\/wp\/v2\/pages\/2405","targetHints":{"allow":["GET"]}}],"collection":[{"href":"https:\/\/grupocolemex.com\/colemexdisenolegal\/wp-json\/wp\/v2\/pages"}],"about":[{"href":"https:\/\/grupocolemex.com\/colemexdisenolegal\/wp-json\/wp\/v2\/types\/page"}],"author":[{"embeddable":true,"href":"https:\/\/grupocolemex.com\/colemexdisenolegal\/wp-json\/wp\/v2\/users\/1"}],"replies":[{"embeddable":true,"href":"https:\/\/grupocolemex.com\/colemexdisenolegal\/wp-json\/wp\/v2\/comments?post=2405"}],"version-history":[{"count":4,"href":"https:\/\/grupocolemex.com\/colemexdisenolegal\/wp-json\/wp\/v2\/pages\/2405\/revisions"}],"predecessor-version":[{"id":2423,"href":"https:\/\/grupocolemex.com\/colemexdisenolegal\/wp-json\/wp\/v2\/pages\/2405\/revisions\/2423"}],"wp:attachment":[{"href":"https:\/\/grupocolemex.com\/colemexdisenolegal\/wp-json\/wp\/v2\/media?parent=2405"}],"curies":[{"name":"wp","href":"https:\/\/api.w.org\/{rel}","templated":true}]}}