{"id":2266,"date":"2024-04-15T12:46:47","date_gmt":"2024-04-15T18:46:47","guid":{"rendered":"https:\/\/grupocolemex.com\/colemexdisenolegal\/servicios-copy\/"},"modified":"2024-10-21T17:15:13","modified_gmt":"2024-10-21T23:15:13","slug":"equipo","status":"publish","type":"page","link":"https:\/\/grupocolemex.com\/colemexdisenolegal\/equipo\/","title":{"rendered":"Equipo"},"content":{"rendered":"<section class=\"wpb-content-wrapper\">[vc_row][vc_column][vc_column_text]\n<h2>Nuestro Equipo<\/h2>\n[\/vc_column_text][\/vc_column][\/vc_row][vc_row css=&#8221;.vc_custom_1712775323412{padding-top: 15px !important;padding-bottom: 15px !important;}&#8221;][vc_column][vc_column_text]Nuestros equipo tienen gran capacidad y nivel acad\u00e9mico, fundamentado en una vocaci\u00f3n real y no en el ejercicio de la profesi\u00f3n como una manera de lucro desmesurado.[\/vc_column_text][\/vc_column][\/vc_row][vc_row][vc_column width=&#8221;1\/4&#8243;][vc_single_image image=&#8221;2087&#8243; img_size=&#8221;medium&#8221; onclick=&#8221;custom_link&#8221; css_animation=&#8221;fadeInUp&#8221; link=&#8221;\/colemexdisenolegal\/ariel-lopez-castillo\/&#8221;][vc_column_text css_animation=&#8221;fadeInUp&#8221; css=&#8221;.vc_custom_1713381539462{padding-top: 15px !important;padding-bottom: 30px !important;}&#8221;]\n<h4><a href=\"\/colemexdisenolegal\/ariel-lopez-castillo\/\">Ariel L\u00f3pez Castillo<\/a><\/h4>\n[\/vc_column_text][\/vc_column][vc_column width=&#8221;1\/4&#8243;][vc_single_image image=&#8221;2187&#8243; img_size=&#8221;medium&#8221; onclick=&#8221;custom_link&#8221; css_animation=&#8221;fadeInUp&#8221; link=&#8221;\/colemexdisenolegal\/aaron-alejandro-monroy-juarez\/&#8221;][vc_column_text css_animation=&#8221;fadeInUp&#8221; css=&#8221;.vc_custom_1713381546846{padding-top: 15px !important;padding-bottom: 30px !important;}&#8221;]\n<h4><a href=\"\/colemexdisenolegal\/aaron-alejandro-monroy-juarez\/\">Aaron A. Monroy Ju\u00e1rez<\/a><\/h4>\n[\/vc_column_text][\/vc_column][vc_column width=&#8221;1\/4&#8243;][vc_single_image image=&#8221;2189&#8243; img_size=&#8221;medium&#8221; onclick=&#8221;custom_link&#8221; css_animation=&#8221;fadeInUp&#8221; link=&#8221;\/colemexdisenolegal\/emilio-hernandez-mora\/&#8221;][vc_column_text css_animation=&#8221;fadeInUp&#8221; css=&#8221;.vc_custom_1713381612923{padding-top: 15px !important;padding-bottom: 30px !important;}&#8221;]\n<h4><a href=\"\/colemexdisenolegal\/emilio-hernandez-mora\/\">Emilio Hern\u00e1ndez Mora<\/a><\/h4>\n[\/vc_column_text][\/vc_column][vc_column width=&#8221;1\/4&#8243;][vc_single_image image=&#8221;2191&#8243; img_size=&#8221;medium&#8221; onclick=&#8221;custom_link&#8221; css_animation=&#8221;fadeInUp&#8221; link=&#8221;\/colemexdisenolegal\/ranulfo-martinez-bacilio\/&#8221;][vc_column_text css_animation=&#8221;fadeInUp&#8221; css=&#8221;.vc_custom_1713381667004{padding-top: 15px !important;padding-bottom: 30px !important;}&#8221;]\n<h4><a href=\"\/colemexdisenolegal\/ranulfo-martinez-bacilio\/\">Ranulfo Mart\u00ednez Bacilio<\/a><\/h4>\n[\/vc_column_text][\/vc_column][\/vc_row][vc_row][vc_column width=&#8221;1\/4&#8243;][vc_single_image image=&#8221;2193&#8243; img_size=&#8221;medium&#8221; onclick=&#8221;custom_link&#8221; css_animation=&#8221;fadeInUp&#8221; link=&#8221;\/colemexdisenolegal\/christian-hernandez-garcia\/&#8221;][vc_column_text css_animation=&#8221;fadeInUp&#8221; css=&#8221;.vc_custom_1713381765276{padding-top: 15px !important;padding-bottom: 30px !important;}&#8221;]\n<h4><a href=\"\/colemexdisenolegal\/christian-hernandez-garcia\/\">Christian Hern\u00e1ndez Garc\u00eda<\/a><\/h4>\n[\/vc_column_text][\/vc_column][vc_column width=&#8221;1\/4&#8243;][vc_single_image image=&#8221;2269&#8243; img_size=&#8221;medium&#8221; onclick=&#8221;custom_link&#8221; css_animation=&#8221;fadeInUp&#8221; link=&#8221;\/colemexdisenolegal\/saul-eduardo-estrada-acosta\/&#8221;][vc_column_text css_animation=&#8221;fadeInUp&#8221; css=&#8221;.vc_custom_1713381839269{padding-top: 15px !important;padding-bottom: 30px !important;}&#8221;]\n<h4><a href=\"\/colemexdisenolegal\/saul-eduardo-estrada-acosta\/\">Sa\u00fal E. Estrada Acosta<\/a><\/h4>\n[\/vc_column_text][\/vc_column][vc_column width=&#8221;1\/4&#8243;][vc_single_image image=&#8221;2417&#8243; img_size=&#8221;medium&#8221; onclick=&#8221;custom_link&#8221; css_animation=&#8221;fadeInUp&#8221; link=&#8221;\/colemexdisenolegal\/paula-martinez-morales\/&#8221;][vc_column_text css_animation=&#8221;fadeInUp&#8221; css=&#8221;.vc_custom_1729552160581{padding-top: 15px !important;padding-bottom: 30px !important;}&#8221;]\n<h4><a href=\"\/colemexdisenolegal\/paula-martinez-morales\/\">Paula Mart\u00ednez Morales<\/a><\/h4>\n[\/vc_column_text][\/vc_column][vc_column width=&#8221;1\/4&#8243;][vc_single_image image=&#8221;2415&#8243; img_size=&#8221;medium&#8221; onclick=&#8221;custom_link&#8221; css_animation=&#8221;fadeInUp&#8221; link=&#8221;\/colemexdisenolegal\/alan-molina-sanchez\/&#8221;][vc_column_text css_animation=&#8221;fadeInUp&#8221; css=&#8221;.vc_custom_1729552408310{padding-top: 15px !important;padding-bottom: 30px !important;}&#8221;]\n<h4><a href=\"\/colemexdisenolegal\/alan-molina-sanchez\/\">Alan Molina S\u00e1nchez<\/a><\/h4>\n[\/vc_column_text][\/vc_column][\/vc_row][vc_row][vc_column width=&#8221;1\/4&#8243;][vc_single_image image=&#8221;2416&#8243; img_size=&#8221;medium&#8221; onclick=&#8221;custom_link&#8221; css_animation=&#8221;fadeInUp&#8221; link=&#8221;\/colemexdisenolegal\/alberto-ortiz-garcia\/&#8221;][vc_column_text css_animation=&#8221;fadeInUp&#8221; css=&#8221;.vc_custom_1729552499126{padding-top: 15px !important;padding-bottom: 30px !important;}&#8221;]\n<h4><a href=\"\/colemexdisenolegal\/alberto-ortiz-garcia\/\">Alberto Ortiz Garc\u00eda<\/a><\/h4>\n[\/vc_column_text][\/vc_column][\/vc_row]\n<\/section>","protected":false},"excerpt":{"rendered":"<p>[vc_row][vc_column][vc_column_text] Nuestro Equipo [\/vc_column_text][\/vc_column][\/vc_row][vc_row css=&#8221;.vc_custom_1712775323412{padding-top: 15px !important;padding-bottom: 15px !important;}&#8221;][vc_column][vc_column_text]Nuestros equipo tienen gran capacidad y nivel acad\u00e9mico, fundamentado en una vocaci\u00f3n real y no en el ejercicio de la profesi\u00f3n como una manera de lucro desmesurado.[\/vc_column_text][\/vc_column][\/vc_row][vc_row][vc_column width=&#8221;1\/4&#8243;][vc_single_image image=&#8221;2087&#8243; img_size=&#8221;medium&#8221; onclick=&#8221;custom_link&#8221; css_animation=&#8221;fadeInUp&#8221; link=&#8221;\/colemexdisenolegal\/ariel-lopez-castillo\/&#8221;][vc_column_text css_animation=&#8221;fadeInUp&#8221; css=&#8221;.vc_custom_1713381539462{padding-top: 15px !important;padding-bottom: 30px !important;}&#8221;] Ariel L\u00f3pez Castillo [\/vc_column_text][\/vc_column][vc_column width=&#8221;1\/4&#8243;][vc_single_image image=&#8221;2187&#8243; img_size=&#8221;medium&#8221; onclick=&#8221;custom_link&#8221; [&hellip;]<\/p>\n","protected":false},"author":1,"featured_media":0,"parent":0,"menu_order":0,"comment_status":"closed","ping_status":"closed","template":"","meta":{"footnotes":""},"class_list":["post-2266","page","type-page","status-publish","hentry"],"_links":{"self":[{"href":"https:\/\/grupocolemex.com\/colemexdisenolegal\/wp-json\/wp\/v2\/pages\/2266","targetHints":{"allow":["GET"]}}],"collection":[{"href":"https:\/\/grupocolemex.com\/colemexdisenolegal\/wp-json\/wp\/v2\/pages"}],"about":[{"href":"https:\/\/grupocolemex.com\/colemexdisenolegal\/wp-json\/wp\/v2\/types\/page"}],"author":[{"embeddable":true,"href":"https:\/\/grupocolemex.com\/colemexdisenolegal\/wp-json\/wp\/v2\/users\/1"}],"replies":[{"embeddable":true,"href":"https:\/\/grupocolemex.com\/colemexdisenolegal\/wp-json\/wp\/v2\/comments?post=2266"}],"version-history":[{"count":21,"href":"https:\/\/grupocolemex.com\/colemexdisenolegal\/wp-json\/wp\/v2\/pages\/2266\/revisions"}],"predecessor-version":[{"id":2429,"href":"https:\/\/grupocolemex.com\/colemexdisenolegal\/wp-json\/wp\/v2\/pages\/2266\/revisions\/2429"}],"wp:attachment":[{"href":"https:\/\/grupocolemex.com\/colemexdisenolegal\/wp-json\/wp\/v2\/media?parent=2266"}],"curies":[{"name":"wp","href":"https:\/\/api.w.org\/{rel}","templated":true}]}}