{"id":2177,"date":"2024-03-04T15:26:00","date_gmt":"2024-03-04T21:26:00","guid":{"rendered":"https:\/\/grupocolemex.com\/colemexdisenolegal\/aaron-alejandro-monroy-juarez-copy\/"},"modified":"2024-10-21T17:42:14","modified_gmt":"2024-10-21T23:42:14","slug":"christian-hernandez-garcia","status":"publish","type":"page","link":"https:\/\/grupocolemex.com\/colemexdisenolegal\/christian-hernandez-garcia\/","title":{"rendered":"Christian Hern\u00e1ndez Garc\u00eda"},"content":{"rendered":"<section class=\"wpb-content-wrapper\">[vc_row][vc_column][vc_empty_space height=&#8221;20px&#8221;][\/vc_column][\/vc_row][vc_row][vc_column][vc_column_text]\n<h1>Christian Hern\u00e1ndez Garc\u00eda<\/h1>\n[\/vc_column_text][\/vc_column][\/vc_row][vc_row][vc_column][vc_empty_space height=&#8221;20px&#8221;][\/vc_column][\/vc_row][vc_row css=&#8221;.vc_custom_1703039605784{padding-top: 15px !important;padding-bottom: 15px !important;}&#8221;][vc_column width=&#8221;1\/4&#8243;][vc_single_image image=&#8221;2193&#8243; img_size=&#8221;medium&#8221;][vc_column_text css=&#8221;.vc_custom_1713379006496{padding-top: 25px !important;}&#8221;]Tel: 55 5235-6060<br \/>\n<u>c.hernandez@grupocolemex.com<\/u>[\/vc_column_text][\/vc_column][vc_column width=&#8221;3\/4&#8243;][vc_column_text css=&#8221;.vc_custom_1713373300163{padding-bottom: 20px !important;}&#8221;]<strong>Practicante en COLEMEX Dise\u00f1o Legal, estudiante de sexto semestre de la Licenciatura en Derecho en la Universidad Nacional Aut\u00f3noma de M\u00e9xico.<\/strong><\/p>\n<p>Miembro de COLEMEX Dise\u00f1o Legal desde 2023, quien ha incrementado y desarrollado sus conocimientos, mostrando una destacada colaboraci\u00f3n en la atenci\u00f3n de casos en materia Civil, Mercantil, Familiar, Administrativa y en Materia de Amparo.<\/p>\n<p>Participando en el planteamiento y desarrollo de Demandas, Desahogo de Prevenciones, Juicios de Amparo Directo e Indirecto, Recursos de Revisi\u00f3n, Juicios de Nulidad, Rebeld\u00edas, entre otros; ante Instancias Judiciales locales, estatales y federales.[\/vc_column_text][\/vc_column][\/vc_row][vc_row][vc_column][vc_empty_space height=&#8221;30px&#8221;][\/vc_column][\/vc_row][vc_row][vc_column][vc_column_text css=&#8221;.vc_custom_1713386878080{padding-bottom: 20px !important;}&#8221;]\n<h3>Nuestro Equipo<\/h3>\n[\/vc_column_text][\/vc_column][\/vc_row][vc_row][vc_column width=&#8221;1\/6&#8243;][vc_single_image image=&#8221;2087&#8243; onclick=&#8221;custom_link&#8221; link=&#8221;\/colemexdisenolegal\/ariel-lopez-castillo\/&#8221;][vc_column_text css=&#8221;.vc_custom_1713387540131{padding-top: 8px !important;}&#8221;]\n<h6><a href=\"\/colemexdisenolegal\/ariel-lopez-castillo\/\">Ariel L\u00f3pez Castillo<\/a><\/h6>\n[\/vc_column_text][\/vc_column][vc_column width=&#8221;1\/6&#8243;][vc_single_image image=&#8221;2187&#8243; onclick=&#8221;custom_link&#8221; link=&#8221;\/colemexdisenolegal\/aaron-alejandro-monroy-juarez\/&#8221;][vc_column_text css=&#8221;.vc_custom_1713387628540{padding-top: 8px !important;}&#8221;]\n<h6><a href=\"\/colemexdisenolegal\/aaron-alejandro-monroy-juarez\/\">Aaron A. Monroy Ju\u00e1rez<\/a><\/h6>\n[\/vc_column_text][\/vc_column][vc_column width=&#8221;1\/6&#8243;][vc_single_image image=&#8221;2189&#8243; onclick=&#8221;custom_link&#8221; link=&#8221;\/colemexdisenolegal\/emilio-hernandez-mora\/&#8221;][vc_column_text css=&#8221;.vc_custom_1713387862229{padding-top: 8px !important;}&#8221;]\n<h6><a href=\"\/colemexdisenolegal\/emilio-hernandez-mora\/\">Emilio Hern\u00e1ndez Mora<\/a><\/h6>\n[\/vc_column_text][\/vc_column][vc_column width=&#8221;1\/6&#8243;][vc_single_image image=&#8221;2415&#8243; onclick=&#8221;custom_link&#8221; link=&#8221;\/colemexdisenolegal\/alan-molina-sanchez\/&#8221;][vc_column_text css=&#8221;.vc_custom_1729554092975{padding-top: 8px !important;}&#8221;]\n<h6><a href=\"\/colemexdisenolegal\/alan-molina-sanchez\/\">Alan Molina S\u00e1nchez<\/a><\/h6>\n[\/vc_column_text][\/vc_column][vc_column width=&#8221;1\/6&#8243;][vc_single_image image=&#8221;2416&#8243; onclick=&#8221;custom_link&#8221; link=&#8221;\/colemexdisenolegal\/alberto-ortiz-garcia\/&#8221;][vc_column_text css=&#8221;.vc_custom_1729554049967{padding-top: 8px !important;}&#8221;]\n<h6><a href=\"\/colemexdisenolegal\/alberto-ortiz-garcia\/\">Alberto Ortiz Garc\u00eda<\/a><\/h6>\n[\/vc_column_text][\/vc_column][vc_column width=&#8221;1\/6&#8243;][vc_single_image image=&#8221;2417&#8243; onclick=&#8221;custom_link&#8221; link=&#8221;\/colemexdisenolegal\/paula-martinez-morales\/&#8221;][vc_column_text css=&#8221;.vc_custom_1729554132472{padding-top: 8px !important;}&#8221;]\n<h6><a href=\"\/colemexdisenolegal\/paula-martinez-morales\/\">Paula Mart\u00ednez Morales<\/a><\/h6>\n[\/vc_column_text][\/vc_column][\/vc_row]\n<\/section>","protected":false},"excerpt":{"rendered":"<p>[vc_row][vc_column][vc_empty_space height=&#8221;20px&#8221;][\/vc_column][\/vc_row][vc_row][vc_column][vc_column_text] Christian Hern\u00e1ndez Garc\u00eda [\/vc_column_text][\/vc_column][\/vc_row][vc_row][vc_column][vc_empty_space height=&#8221;20px&#8221;][\/vc_column][\/vc_row][vc_row css=&#8221;.vc_custom_1703039605784{padding-top: 15px !important;padding-bottom: 15px !important;}&#8221;][vc_column width=&#8221;1\/4&#8243;][vc_single_image image=&#8221;2193&#8243; img_size=&#8221;medium&#8221;][vc_column_text css=&#8221;.vc_custom_1713379006496{padding-top: 25px !important;}&#8221;]Tel: 55 5235-6060 c.hernandez@grupocolemex.com[\/vc_column_text][\/vc_column][vc_column width=&#8221;3\/4&#8243;][vc_column_text css=&#8221;.vc_custom_1713373300163{padding-bottom: 20px !important;}&#8221;]Practicante en COLEMEX Dise\u00f1o Legal, estudiante de sexto semestre de la Licenciatura en Derecho en la Universidad Nacional Aut\u00f3noma de M\u00e9xico. Miembro de COLEMEX Dise\u00f1o Legal desde 2023, quien ha incrementado [&hellip;]<\/p>\n","protected":false},"author":1,"featured_media":2087,"parent":0,"menu_order":0,"comment_status":"closed","ping_status":"closed","template":"","meta":{"footnotes":""},"class_list":["post-2177","page","type-page","status-publish","has-post-thumbnail","hentry"],"_links":{"self":[{"href":"https:\/\/grupocolemex.com\/colemexdisenolegal\/wp-json\/wp\/v2\/pages\/2177","targetHints":{"allow":["GET"]}}],"collection":[{"href":"https:\/\/grupocolemex.com\/colemexdisenolegal\/wp-json\/wp\/v2\/pages"}],"about":[{"href":"https:\/\/grupocolemex.com\/colemexdisenolegal\/wp-json\/wp\/v2\/types\/page"}],"author":[{"embeddable":true,"href":"https:\/\/grupocolemex.com\/colemexdisenolegal\/wp-json\/wp\/v2\/users\/1"}],"replies":[{"embeddable":true,"href":"https:\/\/grupocolemex.com\/colemexdisenolegal\/wp-json\/wp\/v2\/comments?post=2177"}],"version-history":[{"count":12,"href":"https:\/\/grupocolemex.com\/colemexdisenolegal\/wp-json\/wp\/v2\/pages\/2177\/revisions"}],"predecessor-version":[{"id":2434,"href":"https:\/\/grupocolemex.com\/colemexdisenolegal\/wp-json\/wp\/v2\/pages\/2177\/revisions\/2434"}],"wp:featuredmedia":[{"embeddable":true,"href":"https:\/\/grupocolemex.com\/colemexdisenolegal\/wp-json\/wp\/v2\/media\/2087"}],"wp:attachment":[{"href":"https:\/\/grupocolemex.com\/colemexdisenolegal\/wp-json\/wp\/v2\/media?parent=2177"}],"curies":[{"name":"wp","href":"https:\/\/api.w.org\/{rel}","templated":true}]}}