{"id":2174,"date":"2024-03-04T15:25:15","date_gmt":"2024-03-04T21:25:15","guid":{"rendered":"https:\/\/grupocolemex.com\/colemexdisenolegal\/ariel-lopez-castillo-copy\/"},"modified":"2024-10-21T17:37:44","modified_gmt":"2024-10-21T23:37:44","slug":"ranulfo-martinez-bacilio","status":"publish","type":"page","link":"https:\/\/grupocolemex.com\/colemexdisenolegal\/ranulfo-martinez-bacilio\/","title":{"rendered":"Ranulfo Mart\u00ednez Bacilio"},"content":{"rendered":"<section class=\"wpb-content-wrapper\">[vc_row][vc_column][vc_empty_space height=&#8221;20px&#8221;][\/vc_column][\/vc_row][vc_row][vc_column][vc_column_text]\n<h1>Ranulfo Mart\u00ednez Bacilio<\/h1>\n[\/vc_column_text][\/vc_column][\/vc_row][vc_row][vc_column][vc_empty_space height=&#8221;20px&#8221;][\/vc_column][\/vc_row][vc_row css=&#8221;.vc_custom_1703039605784{padding-top: 15px !important;padding-bottom: 15px !important;}&#8221;][vc_column width=&#8221;1\/4&#8243;][vc_single_image image=&#8221;2191&#8243; img_size=&#8221;medium&#8221;][vc_column_text css=&#8221;.vc_custom_1713378945667{padding-top: 25px !important;}&#8221;]Tel: 55 5235-6060<br \/>\n<u>r.martinez@grupocolemex.com<\/u>[\/vc_column_text][\/vc_column][vc_column width=&#8221;3\/4&#8243;][vc_column_text css=&#8221;.vc_custom_1713373123339{padding-bottom: 20px !important;}&#8221;]<strong>Egresado de la Facultad de Derecho de la Universidad Nacional Aut\u00f3noma de M\u00e9xico, con Especialidad en Derecho Administrativo.<\/strong><\/p>\n<p>De 2001 a 2015, colabor\u00f3 en un Despacho Jur\u00eddico privado, donde inici\u00f3 como pasante, para despu\u00e9s convertirse en uno de los abogados de la firma, desarroll\u00e1ndose en diversos \u00e1mbitos, siendo recurrente su participaci\u00f3n en asuntos civiles, familiares y administrativos. Obteniendo experiencia en materia de Amparo, en demandas de nulidad ante el Tribunal Federal de Justicia Fiscal y Administrativa, y ante el Tribunal Contencioso Administrativo de la Ciudad de M\u00e9xico.<\/p>\n<p>En materia Laboral, ha realizado demandas contra empresas particulares que conoce la Junta Local de Conciliaci\u00f3n y Arbitraje en la Ciudad de M\u00e9xico, as\u00ed como demandas contra dependencias del gobierno local y federal que conoce el Tribunal Federal de Conciliaci\u00f3n y Arbitraje.<\/p>\n<p>En el \u00e1mbito p\u00fablico, colabor\u00f3 en el \u00e1rea jur\u00eddica, en el Instituto Nacional de Pesca Y Acuicultura (INAPESCA) Dependiente de la Secretar\u00eda de Agricultura, Ganader\u00eda, Desarrollo Rural, Pesca y Alimentaci\u00f3n.<\/p>\n<p><strong>Parte del equipo de abogados postulantes de COLEMEX Dise\u00f1o Legal desde 2023.<\/strong>[\/vc_column_text][\/vc_column][\/vc_row][vc_row][vc_column][vc_empty_space height=&#8221;30px&#8221;][\/vc_column][\/vc_row][vc_row][vc_column][vc_column_text css=&#8221;.vc_custom_1713386294656{padding-bottom: 20px !important;}&#8221;]\n<p><H3>Nuestro Equipo<\/h3>\n[\/vc_column_text][\/vc_column][vc_column width=&#8221;1\/6&#8243;][vc_single_image image=&#8221;2087&#8243; onclick=&#8221;custom_link&#8221; link=&#8221;\/colemexdisenolegal\/ariel-lopez-castillo\/&#8221;][vc_column_text css=&#8221;.vc_custom_1713386584792{padding-top: 8px !important;}&#8221;]\n<h6><a href=\"\/colemexdisenolegal\/ariel-lopez-castillo\/\">Ariel L\u00f3pez Castillo<\/a><\/h6>\n[\/vc_column_text][\/vc_column][vc_column width=&#8221;1\/6&#8243;][vc_single_image image=&#8221;2187&#8243; onclick=&#8221;custom_link&#8221; link=&#8221;\/colemexdisenolegal\/aaron-alejandro-monroy-juarez\/&#8221;][vc_column_text css=&#8221;.vc_custom_1713386625610{padding-top: 8px !important;}&#8221;]\n<h6><a href=\"\/colemexdisenolegal\/aaron-alejandro-monroy-juarez\/\">Aaron A. Monroy Ju\u00e1rez<\/a><\/h6>\n[\/vc_column_text][\/vc_column][vc_column width=&#8221;1\/6&#8243;][vc_single_image image=&#8221;2189&#8243; onclick=&#8221;custom_link&#8221; link=&#8221;\/colemexdisenolegal\/emilio-hernandez-mora\/&#8221;][vc_column_text css=&#8221;.vc_custom_1713386672063{padding-top: 8px !important;}&#8221;]\n<h6><a href=\"\/colemexdisenolegal\/emilio-hernandez-mora\/\">Emilio Hern\u00e1ndez Mora<\/a><\/h6>\n[\/vc_column_text][\/vc_column][vc_column width=&#8221;1\/6&#8243;][vc_single_image image=&#8221;2193&#8243; onclick=&#8221;custom_link&#8221; link=&#8221;\/colemexdisenolegal\/christian-hernandez-garcia\/&#8221;][vc_column_text css=&#8221;.vc_custom_1713386728178{padding-top: 8px !important;}&#8221;]\n<h6><a href=\"\/colemexdisenolegal\/christian-hernandez-garcia\/\">Christian Hern\u00e1ndez Garc\u00eda<\/a><\/h6>\n[\/vc_column_text][\/vc_column][vc_column width=&#8221;1\/6&#8243;][vc_single_image image=&#8221;2417&#8243; onclick=&#8221;custom_link&#8221; link=&#8221;\/colemexdisenolegal\/paula-martinez-morales\/&#8221;][vc_column_text css=&#8221;.vc_custom_1729553820900{padding-top: 8px !important;}&#8221;]\n<h6><a href=\"\/colemexdisenolegal\/paula-martinez-morales\/\">Paula Mart\u00ednez Morales<\/a><\/h6>\n[\/vc_column_text][\/vc_column][vc_column width=&#8221;1\/6&#8243;][vc_single_image image=&#8221;2416&#8243; onclick=&#8221;custom_link&#8221; link=&#8221;\/colemexdisenolegal\/alberto-ortiz-garcia\/&#8221;][vc_column_text css=&#8221;.vc_custom_1729553862472{padding-top: 8px !important;}&#8221;]\n<h6><a href=\"\/colemexdisenolegal\/alberto-ortiz-garcia\/\">Alberto Ortiz Garc\u00eda<\/a><\/h6>\n[\/vc_column_text][\/vc_column][\/vc_row]\n<\/section>","protected":false},"excerpt":{"rendered":"<p>[vc_row][vc_column][vc_empty_space height=&#8221;20px&#8221;][\/vc_column][\/vc_row][vc_row][vc_column][vc_column_text] Ranulfo Mart\u00ednez Bacilio [\/vc_column_text][\/vc_column][\/vc_row][vc_row][vc_column][vc_empty_space height=&#8221;20px&#8221;][\/vc_column][\/vc_row][vc_row css=&#8221;.vc_custom_1703039605784{padding-top: 15px !important;padding-bottom: 15px !important;}&#8221;][vc_column width=&#8221;1\/4&#8243;][vc_single_image image=&#8221;2191&#8243; img_size=&#8221;medium&#8221;][vc_column_text css=&#8221;.vc_custom_1713378945667{padding-top: 25px !important;}&#8221;]Tel: 55 5235-6060 r.martinez@grupocolemex.com[\/vc_column_text][\/vc_column][vc_column width=&#8221;3\/4&#8243;][vc_column_text css=&#8221;.vc_custom_1713373123339{padding-bottom: 20px !important;}&#8221;]Egresado de la Facultad de Derecho de la Universidad Nacional Aut\u00f3noma de M\u00e9xico, con Especialidad en Derecho Administrativo. De 2001 a 2015, colabor\u00f3 en un Despacho Jur\u00eddico privado, donde inici\u00f3 como [&hellip;]<\/p>\n","protected":false},"author":1,"featured_media":2087,"parent":0,"menu_order":0,"comment_status":"closed","ping_status":"closed","template":"","meta":{"footnotes":""},"class_list":["post-2174","page","type-page","status-publish","has-post-thumbnail","hentry"],"_links":{"self":[{"href":"https:\/\/grupocolemex.com\/colemexdisenolegal\/wp-json\/wp\/v2\/pages\/2174","targetHints":{"allow":["GET"]}}],"collection":[{"href":"https:\/\/grupocolemex.com\/colemexdisenolegal\/wp-json\/wp\/v2\/pages"}],"about":[{"href":"https:\/\/grupocolemex.com\/colemexdisenolegal\/wp-json\/wp\/v2\/types\/page"}],"author":[{"embeddable":true,"href":"https:\/\/grupocolemex.com\/colemexdisenolegal\/wp-json\/wp\/v2\/users\/1"}],"replies":[{"embeddable":true,"href":"https:\/\/grupocolemex.com\/colemexdisenolegal\/wp-json\/wp\/v2\/comments?post=2174"}],"version-history":[{"count":12,"href":"https:\/\/grupocolemex.com\/colemexdisenolegal\/wp-json\/wp\/v2\/pages\/2174\/revisions"}],"predecessor-version":[{"id":2433,"href":"https:\/\/grupocolemex.com\/colemexdisenolegal\/wp-json\/wp\/v2\/pages\/2174\/revisions\/2433"}],"wp:featuredmedia":[{"embeddable":true,"href":"https:\/\/grupocolemex.com\/colemexdisenolegal\/wp-json\/wp\/v2\/media\/2087"}],"wp:attachment":[{"href":"https:\/\/grupocolemex.com\/colemexdisenolegal\/wp-json\/wp\/v2\/media?parent=2174"}],"curies":[{"name":"wp","href":"https:\/\/api.w.org\/{rel}","templated":true}]}}