{"id":2171,"date":"2024-03-04T15:24:32","date_gmt":"2024-03-04T21:24:32","guid":{"rendered":"https:\/\/grupocolemex.com\/colemexdisenolegal\/aaron-alejandro-monroy-juarez-copy\/"},"modified":"2024-10-21T17:25:43","modified_gmt":"2024-10-21T23:25:43","slug":"emilio-hernandez-mora","status":"publish","type":"page","link":"https:\/\/grupocolemex.com\/colemexdisenolegal\/emilio-hernandez-mora\/","title":{"rendered":"Emilio Hern\u00e1ndez Mora"},"content":{"rendered":"<section class=\"wpb-content-wrapper\">[vc_row][vc_column][vc_empty_space height=&#8221;20px&#8221;][\/vc_column][\/vc_row][vc_row][vc_column][vc_column_text]\n<h1>Emilio Hern\u00e1ndez Mora<\/h1>\n[\/vc_column_text][\/vc_column][\/vc_row][vc_row][vc_column][vc_empty_space height=&#8221;20px&#8221;][\/vc_column][\/vc_row][vc_row css=&#8221;.vc_custom_1703039605784{padding-top: 15px !important;padding-bottom: 15px !important;}&#8221;][vc_column width=&#8221;1\/4&#8243;][vc_single_image image=&#8221;2189&#8243; img_size=&#8221;medium&#8221;][vc_column_text css=&#8221;.vc_custom_1713382181792{padding-top: 25px !important;}&#8221;]Tel: 55 5235-6060<br \/>\n<span style=\"font-size: small;\"><u>emiliohernandez@grupocolemex.com<\/u><\/span>[\/vc_column_text][\/vc_column][vc_column width=&#8221;3\/4&#8243;][vc_column_text css=&#8221;.vc_custom_1713372884887{padding-bottom: 20px !important;}&#8221;]<strong>Pasante de la Licenciatura en Derecho por la Universidad Tecnol\u00f3gica de M\u00e9xico.<\/strong><\/p>\n<p>Como Asistente Jur\u00eddico en COLEMEX Dise\u00f1o Legal desde 2018, colabora en el desarrollo y seguimiento a casos en materia Civil, Familiar, Mercantil, Laboral y Administrativo.<\/p>\n<p>Como complemento al desarrollo de los casos, realiza gestor\u00eda de tr\u00e1mites en diversas instancias regulatorias de los \u00f3rdenes de gobierno, local, estatal y federal; en tem\u00e1ticas de:<\/p>\n<ul>\n<li>Propiedad y Comercio<\/li>\n<li>Civil<\/li>\n<li>Seguridad Privada<\/li>\n<li>Trabajo y Previsi\u00f3n Social<\/li>\n<li>Obra P\u00fablica<\/li>\n<\/ul>\n<p>Ha colaborado en instancias como el Sistema de Administraci\u00f3n Jur\u00eddica y en la Fiscal\u00eda de Justicia de la Ciudad de M\u00e9xico.[\/vc_column_text][\/vc_column][\/vc_row][vc_row][vc_column][vc_empty_space height=&#8221;40px&#8221;][\/vc_column][\/vc_row][vc_row][vc_column][vc_column_text css=&#8221;.vc_custom_1713384990188{padding-bottom: 20px !important;}&#8221;]\n<h3>Nuestro Equipo<\/h3>\n[\/vc_column_text][\/vc_column][\/vc_row][vc_row][vc_column width=&#8221;1\/6&#8243;][vc_single_image image=&#8221;2087&#8243; onclick=&#8221;custom_link&#8221; link=&#8221;\/colemexdisenolegal\/ariel-lopez-castillo\/&#8221;][vc_column_text css=&#8221;.vc_custom_1713384373714{padding-top: 8px !important;}&#8221;]\n<h6><a href=\"\/colemexdisenolegal\/ariel-lopez-castillo\/\">Ariel L\u00f3pez Castillo<\/a><\/h6>\n[\/vc_column_text][\/vc_column][vc_column width=&#8221;1\/6&#8243;][vc_single_image image=&#8221;2187&#8243; onclick=&#8221;custom_link&#8221; link=&#8221;\/colemexdisenolegal\/aaron-alejandro-monroy-juarez\/&#8221;][vc_column_text css=&#8221;.vc_custom_1713384446135{padding-top: 8px !important;}&#8221;]\n<h6><a href=\"\/colemexdisenolegal\/aaron-alejandro-monroy-juarez\/\">Aaron A. Monroy Ju\u00e1rez<\/a><\/h6>\n[\/vc_column_text][\/vc_column][vc_column width=&#8221;1\/6&#8243;][vc_single_image image=&#8221;2191&#8243; onclick=&#8221;custom_link&#8221; link=&#8221;\/colemexdisenolegal\/ranulfo-martinez-bacilio\/&#8221;][vc_column_text css=&#8221;.vc_custom_1713384632906{padding-top: 8px !important;}&#8221;]\n<h6><a href=\"\/colemexdisenolegal\/ranulfo-martinez-bacilio\/\">Ranulfo Mart\u00ednez Bacilio<\/a><\/h6>\n[\/vc_column_text][\/vc_column][vc_column width=&#8221;1\/6&#8243;][vc_single_image image=&#8221;2193&#8243; onclick=&#8221;custom_link&#8221; link=&#8221;\/colemexdisenolegal\/christian-hernandez-garcia\/&#8221;][vc_column_text css=&#8221;.vc_custom_1713384673889{padding-top: 8px !important;}&#8221;]\n<h6><a href=\"\/colemexdisenolegal\/christian-hernandez-garcia\/\">Christian Hern\u00e1ndez Garc\u00eda<\/a><\/h6>\n[\/vc_column_text][\/vc_column][vc_column width=&#8221;1\/6&#8243;][vc_single_image image=&#8221;2269&#8243; onclick=&#8221;custom_link&#8221; link=&#8221;\/colemexdisenolegal\/saul-eduardo-estrada-acosta\/&#8221;][vc_column_text css=&#8221;.vc_custom_1713384715936{padding-top: 8px !important;}&#8221;]\n<h6><a href=\"\/colemexdisenolegal\/saul-eduardo-estrada-acosta\/\">Sa\u00fal Eduardo Estrada Acosta<\/a><\/h6>\n[\/vc_column_text][\/vc_column][vc_column width=&#8221;1\/6&#8243;][vc_single_image image=&#8221;2417&#8243; onclick=&#8221;custom_link&#8221; link=&#8221;\/colemexdisenolegal\/paula-martinez-morales\/&#8221;][vc_column_text css=&#8221;.vc_custom_1729553141106{padding-top: 8px !important;}&#8221;]\n<h6><a href=\"\/colemexdisenolegal\/paula-martinez-morales\/\">Paula Mart\u00ednez Morales<\/a><\/h6>\n[\/vc_column_text][\/vc_column][\/vc_row]\n<\/section>","protected":false},"excerpt":{"rendered":"<p>[vc_row][vc_column][vc_empty_space height=&#8221;20px&#8221;][\/vc_column][\/vc_row][vc_row][vc_column][vc_column_text] Emilio Hern\u00e1ndez Mora [\/vc_column_text][\/vc_column][\/vc_row][vc_row][vc_column][vc_empty_space height=&#8221;20px&#8221;][\/vc_column][\/vc_row][vc_row css=&#8221;.vc_custom_1703039605784{padding-top: 15px !important;padding-bottom: 15px !important;}&#8221;][vc_column width=&#8221;1\/4&#8243;][vc_single_image image=&#8221;2189&#8243; img_size=&#8221;medium&#8221;][vc_column_text css=&#8221;.vc_custom_1713382181792{padding-top: 25px !important;}&#8221;]Tel: 55 5235-6060 emiliohernandez@grupocolemex.com[\/vc_column_text][\/vc_column][vc_column width=&#8221;3\/4&#8243;][vc_column_text css=&#8221;.vc_custom_1713372884887{padding-bottom: 20px !important;}&#8221;]Pasante de la Licenciatura en Derecho por la Universidad Tecnol\u00f3gica de M\u00e9xico. Como Asistente Jur\u00eddico en COLEMEX Dise\u00f1o Legal desde 2018, colabora en el desarrollo y seguimiento a casos en materia [&hellip;]<\/p>\n","protected":false},"author":1,"featured_media":2189,"parent":0,"menu_order":0,"comment_status":"closed","ping_status":"closed","template":"","meta":{"footnotes":""},"class_list":["post-2171","page","type-page","status-publish","has-post-thumbnail","hentry"],"_links":{"self":[{"href":"https:\/\/grupocolemex.com\/colemexdisenolegal\/wp-json\/wp\/v2\/pages\/2171","targetHints":{"allow":["GET"]}}],"collection":[{"href":"https:\/\/grupocolemex.com\/colemexdisenolegal\/wp-json\/wp\/v2\/pages"}],"about":[{"href":"https:\/\/grupocolemex.com\/colemexdisenolegal\/wp-json\/wp\/v2\/types\/page"}],"author":[{"embeddable":true,"href":"https:\/\/grupocolemex.com\/colemexdisenolegal\/wp-json\/wp\/v2\/users\/1"}],"replies":[{"embeddable":true,"href":"https:\/\/grupocolemex.com\/colemexdisenolegal\/wp-json\/wp\/v2\/comments?post=2171"}],"version-history":[{"count":28,"href":"https:\/\/grupocolemex.com\/colemexdisenolegal\/wp-json\/wp\/v2\/pages\/2171\/revisions"}],"predecessor-version":[{"id":2432,"href":"https:\/\/grupocolemex.com\/colemexdisenolegal\/wp-json\/wp\/v2\/pages\/2171\/revisions\/2432"}],"wp:featuredmedia":[{"embeddable":true,"href":"https:\/\/grupocolemex.com\/colemexdisenolegal\/wp-json\/wp\/v2\/media\/2189"}],"wp:attachment":[{"href":"https:\/\/grupocolemex.com\/colemexdisenolegal\/wp-json\/wp\/v2\/media?parent=2171"}],"curies":[{"name":"wp","href":"https:\/\/api.w.org\/{rel}","templated":true}]}}