{"id":2168,"date":"2024-03-04T15:23:06","date_gmt":"2024-03-04T21:23:06","guid":{"rendered":"https:\/\/grupocolemex.com\/colemexdisenolegal\/ariel-lopez-castillo-copy\/"},"modified":"2024-10-21T17:23:41","modified_gmt":"2024-10-21T23:23:41","slug":"aaron-alejandro-monroy-juarez","status":"publish","type":"page","link":"https:\/\/grupocolemex.com\/colemexdisenolegal\/aaron-alejandro-monroy-juarez\/","title":{"rendered":"Aaron Alejandro Monroy Ju\u00e1rez"},"content":{"rendered":"<section class=\"wpb-content-wrapper\">[vc_row][vc_column][vc_empty_space height=&#8221;20px&#8221;][\/vc_column][\/vc_row][vc_row][vc_column][vc_column_text]\n<h1>Aaron Alejandro Monroy Ju\u00e1rez<\/h1>\n[\/vc_column_text][\/vc_column][\/vc_row][vc_row][vc_column][vc_empty_space height=&#8221;20px&#8221;][\/vc_column][\/vc_row][vc_row css=&#8221;.vc_custom_1703039605784{padding-top: 15px !important;padding-bottom: 15px !important;}&#8221;][vc_column width=&#8221;1\/4&#8243;][vc_single_image image=&#8221;2187&#8243; img_size=&#8221;medium&#8221;][vc_column_text css=&#8221;.vc_custom_1713378639771{padding-top: 25px !important;}&#8221;]Tel: 55 5235-6060<br \/>\n<u>a.monroy@grupocolemex.com<\/u>[\/vc_column_text][\/vc_column][vc_column width=&#8221;3\/4&#8243;][vc_column_text css=&#8221;.vc_custom_1713372745869{padding-bottom: 20px !important;}&#8221;]<strong>Licenciado en Derecho de profesi\u00f3n, con amplia experiencia en la Gesti\u00f3n de Recursos.<\/strong><\/p>\n<p>Se ha desempe\u00f1ado en el sector p\u00fablico en la Direcci\u00f3n de Atenci\u00f3n a las Adicciones (ADEFAR); la Direcci\u00f3n de Apoyo Operativo, Estad\u00edstica y Evaluaci\u00f3n; la Coordinaci\u00f3n Administrativa de la Direcci\u00f3n General de Atenci\u00f3n a V\u00edctimas del Delito; el Centro de Terapia de Apoyo a V\u00edctimas de Delitos Sexuales; el Centro de Apoyo Socio-jur\u00eddico a V\u00edctimas del Delito Violento; la Subprocuradur\u00eda de Atenci\u00f3n a V\u00edctimas del Delito Violento y Servicios a la Comunidad, de la antes Procuradur\u00eda General de Justicia de la Ciudad de M\u00e9xico, ahora Fiscal\u00eda General de Justicia de la Ciudad de M\u00e9xico.<\/p>\n<p>Donde desde 1999 y hasta 2022 fungi\u00f3 como Enlace Administrativo de Recursos Humanos, Financieros y Materiales, adem\u00e1s de administrar los Recursos Materiales y el Fondo Revolvente y el Fondo de Apoyo a V\u00edctimas.<\/p>\n<p>Se ha desempe\u00f1ado tambi\u00e9n en la Secretaria de Seguridad y Protecci\u00f3n Ciudadana, donde desde la Direcci\u00f3n General de lo Contencioso y Procedimientos Constitucionales y la Secretaria T\u00e9cnica de Seguridad P\u00fablica y del Sistema Penitenciario; realiz\u00f3 m\u00faltiples funciones administrativas en coordinaci\u00f3n con la Administraci\u00f3n central que contribuyeron al logro de objetivos institucionales.[\/vc_column_text][\/vc_column][\/vc_row][vc_row][vc_column][vc_empty_space height=&#8221;30px&#8221;][vc_column_text css=&#8221;.vc_custom_1713386089305{padding-bottom: 20px !important;}&#8221;]\n<h3>Nuestro Equipo<\/h3>\n[\/vc_column_text][\/vc_column][\/vc_row][vc_row][vc_column width=&#8221;1\/6&#8243;][vc_single_image image=&#8221;2087&#8243; onclick=&#8221;custom_link&#8221; link=&#8221;\/colemexdisenolegal\/ariel-lopez-castillo\/&#8221;][vc_column_text css=&#8221;.vc_custom_1713385719861{padding-top: 8px !important;}&#8221;]\n<h6><a href=\"\/colemexdisenolegal\/ariel-lopez-castillo\/\">Ariel L\u00f3pez Castillo<\/a><\/h6>\n[\/vc_column_text][\/vc_column][vc_column width=&#8221;1\/6&#8243;][vc_single_image image=&#8221;2189&#8243; onclick=&#8221;custom_link&#8221; link=&#8221;\/colemexdisenolegal\/emilio-hernandez-mora\/&#8221;][vc_column_text css=&#8221;.vc_custom_1713385744023{padding-top: 8px !important;}&#8221;]\n<h6><a href=\"\/colemexdisenolegal\/emilio-hernandez-mora\/\">Emilio Hern\u00e1ndez Mora<\/a><\/h6>\n[\/vc_column_text][\/vc_column][vc_column width=&#8221;1\/6&#8243;][vc_single_image image=&#8221;2191&#8243; onclick=&#8221;custom_link&#8221; link=&#8221;\/colemexdisenolegal\/ranulfo-martinez-bacilio\/&#8221;][vc_column_text css=&#8221;.vc_custom_1713385813877{padding-top: 8px !important;}&#8221;]\n<h6><a href=\"\/colemexdisenolegal\/ranulfo-martinez-bacilio\/\">Ranulfo Mart\u00ednez Bacilio<\/a><\/h6>\n[\/vc_column_text][\/vc_column][vc_column width=&#8221;1\/6&#8243;][vc_single_image image=&#8221;2193&#8243; onclick=&#8221;custom_link&#8221; link=&#8221;\/colemexdisenolegal\/christian-hernandez-garcia\/&#8221;][vc_column_text css=&#8221;.vc_custom_1713385851390{padding-top: 8px !important;}&#8221;]\n<h6><a href=\"\/colemexdisenolegal\/christian-hernandez-garcia\/\">Christian Hern\u00e1ndez Garc\u00eda<\/a><\/h6>\n[\/vc_column_text][\/vc_column][vc_column width=&#8221;1\/6&#8243;][vc_single_image image=&#8221;2269&#8243; onclick=&#8221;custom_link&#8221; link=&#8221;\/colemexdisenolegal\/saul-eduardo-estrada-acosta\/&#8221;][vc_column_text css=&#8221;.vc_custom_1713385891874{padding-top: 8px !important;}&#8221;]\n<h6><a href=\"\/colemexdisenolegal\/saul-eduardo-estrada-acosta\/\">Sa\u00fal Eduardo Estrada Acosta<\/a><\/h6>\n[\/vc_column_text][\/vc_column][vc_column width=&#8221;1\/6&#8243;][vc_single_image image=&#8221;2415&#8243; onclick=&#8221;custom_link&#8221; link=&#8221;\/colemexdisenolegal\/alan-molina-sanchez\/&#8221;][vc_column_text css=&#8221;.vc_custom_1729553016045{padding-top: 8px !important;}&#8221;]\n<h6><a href=\"\/colemexdisenolegal\/alan-molina-sanchez\/\">Alan Molina S\u00e1nchez<\/a><\/h6>\n[\/vc_column_text][\/vc_column][\/vc_row]\n<\/section>","protected":false},"excerpt":{"rendered":"<p>[vc_row][vc_column][vc_empty_space height=&#8221;20px&#8221;][\/vc_column][\/vc_row][vc_row][vc_column][vc_column_text] Aaron Alejandro Monroy Ju\u00e1rez [\/vc_column_text][\/vc_column][\/vc_row][vc_row][vc_column][vc_empty_space height=&#8221;20px&#8221;][\/vc_column][\/vc_row][vc_row css=&#8221;.vc_custom_1703039605784{padding-top: 15px !important;padding-bottom: 15px !important;}&#8221;][vc_column width=&#8221;1\/4&#8243;][vc_single_image image=&#8221;2187&#8243; img_size=&#8221;medium&#8221;][vc_column_text css=&#8221;.vc_custom_1713378639771{padding-top: 25px !important;}&#8221;]Tel: 55 5235-6060 a.monroy@grupocolemex.com[\/vc_column_text][\/vc_column][vc_column width=&#8221;3\/4&#8243;][vc_column_text css=&#8221;.vc_custom_1713372745869{padding-bottom: 20px !important;}&#8221;]Licenciado en Derecho de profesi\u00f3n, con amplia experiencia en la Gesti\u00f3n de Recursos. Se ha desempe\u00f1ado en el sector p\u00fablico en la Direcci\u00f3n de Atenci\u00f3n a las Adicciones (ADEFAR); la [&hellip;]<\/p>\n","protected":false},"author":1,"featured_media":2087,"parent":0,"menu_order":0,"comment_status":"closed","ping_status":"closed","template":"","meta":{"footnotes":""},"class_list":["post-2168","page","type-page","status-publish","has-post-thumbnail","hentry"],"_links":{"self":[{"href":"https:\/\/grupocolemex.com\/colemexdisenolegal\/wp-json\/wp\/v2\/pages\/2168","targetHints":{"allow":["GET"]}}],"collection":[{"href":"https:\/\/grupocolemex.com\/colemexdisenolegal\/wp-json\/wp\/v2\/pages"}],"about":[{"href":"https:\/\/grupocolemex.com\/colemexdisenolegal\/wp-json\/wp\/v2\/types\/page"}],"author":[{"embeddable":true,"href":"https:\/\/grupocolemex.com\/colemexdisenolegal\/wp-json\/wp\/v2\/users\/1"}],"replies":[{"embeddable":true,"href":"https:\/\/grupocolemex.com\/colemexdisenolegal\/wp-json\/wp\/v2\/comments?post=2168"}],"version-history":[{"count":18,"href":"https:\/\/grupocolemex.com\/colemexdisenolegal\/wp-json\/wp\/v2\/pages\/2168\/revisions"}],"predecessor-version":[{"id":2431,"href":"https:\/\/grupocolemex.com\/colemexdisenolegal\/wp-json\/wp\/v2\/pages\/2168\/revisions\/2431"}],"wp:featuredmedia":[{"embeddable":true,"href":"https:\/\/grupocolemex.com\/colemexdisenolegal\/wp-json\/wp\/v2\/media\/2087"}],"wp:attachment":[{"href":"https:\/\/grupocolemex.com\/colemexdisenolegal\/wp-json\/wp\/v2\/media?parent=2168"}],"curies":[{"name":"wp","href":"https:\/\/api.w.org\/{rel}","templated":true}]}}