{"id":1982,"date":"2024-02-13T14:04:42","date_gmt":"2024-02-13T20:04:42","guid":{"rendered":"https:\/\/grupocolemex.com\/colemexdisenolegal\/services-copy\/"},"modified":"2024-04-10T13:52:56","modified_gmt":"2024-04-10T19:52:56","slug":"servicios","status":"publish","type":"page","link":"https:\/\/grupocolemex.com\/colemexdisenolegal\/servicios\/","title":{"rendered":"Servicios"},"content":{"rendered":"<section class=\"wpb-content-wrapper\">[vc_row][vc_column][vc_column_text]\n<h2>Servicios<\/h2>\n[\/vc_column_text][\/vc_column][\/vc_row][vc_row css=&#8221;.vc_custom_1712775323412{padding-top: 15px !important;padding-bottom: 15px !important;}&#8221;][vc_column][vc_column_text]Ofrecemos servicios en diferentes ramas del derecho, con finalidad de unir experiencia, informaci\u00f3n, esfuerzo y t\u00e9cnica en beneficio de nuestros clientes.[\/vc_column_text][\/vc_column][\/vc_row][vc_row][vc_column width=&#8221;1\/4&#8243;][gt3_image_box thumbnail=&#8221;2234&#8243; image_position=&#8221;top&#8221; css_animation=&#8221;fadeInUp&#8221; title_tag=&#8221;h2&#8243; imagebox_title_size=&#8221;20&#8243; title_color=&#8221;#27323d&#8221; text_color=&#8221;#73777e&#8221; link_color=&#8221;#003b74&#8243; link_hover_color=&#8221;#27323d&#8221; new_tab=&#8221;&#8221; heading=&#8221;Juicio de Amparo&#8221; url=&#8221;https:\/\/grupocolemex.com\/colemexdisenolegal\/juicio-de-amparo\/&#8221;][\/vc_column][vc_column width=&#8221;1\/4&#8243;][gt3_image_box thumbnail=&#8221;2093&#8243; image_position=&#8221;top&#8221; css_animation=&#8221;fadeInUp&#8221; title_tag=&#8221;h2&#8243; imagebox_title_size=&#8221;20&#8243; title_color=&#8221;#27323d&#8221; text_color=&#8221;#73777e&#8221; link_color=&#8221;#003b74&#8243; link_hover_color=&#8221;#27323d&#8221; new_tab=&#8221;&#8221; heading=&#8221;Seguridad Privada&#8221; url=&#8221;https:\/\/grupocolemex.com\/colemexdisenolegal\/seguridad-privada\/&#8221;][\/vc_column][vc_column width=&#8221;1\/4&#8243;][gt3_image_box thumbnail=&#8221;2227&#8243; image_position=&#8221;top&#8221; css_animation=&#8221;fadeInUp&#8221; title_tag=&#8221;h2&#8243; imagebox_title_size=&#8221;20&#8243; title_color=&#8221;#27323d&#8221; text_color=&#8221;#73777e&#8221; link_color=&#8221;#003b74&#8243; link_hover_color=&#8221;#27323d&#8221; new_tab=&#8221;&#8221; heading=&#8221;Litigio&#8221; url=&#8221;https:\/\/grupocolemex.com\/colemexdisenolegal\/litigio\/&#8221;][\/vc_column][vc_column width=&#8221;1\/4&#8243;][gt3_image_box thumbnail=&#8221;1951&#8243; image_position=&#8221;top&#8221; css_animation=&#8221;fadeInUp&#8221; title_tag=&#8221;h2&#8243; imagebox_title_size=&#8221;20&#8243; title_color=&#8221;#27323d&#8221; text_color=&#8221;#73777e&#8221; link_color=&#8221;#003b74&#8243; link_hover_color=&#8221;#27323d&#8221; new_tab=&#8221;&#8221; heading=&#8221;Estrategias de prevenci\u00f3n y defensa&#8221; url=&#8221;https:\/\/grupocolemex.com\/colemexdisenolegal\/estrategias-de-prevencion-y-defensa\/&#8221;][\/vc_column][\/vc_row][vc_row][vc_column width=&#8221;1\/4&#8243;][gt3_image_box thumbnail=&#8221;1948&#8243; image_position=&#8221;top&#8221; css_animation=&#8221;fadeInUp&#8221; title_tag=&#8221;h2&#8243; imagebox_title_size=&#8221;20&#8243; title_color=&#8221;#27323d&#8221; text_color=&#8221;#73777e&#8221; link_color=&#8221;#003b74&#8243; link_hover_color=&#8221;#27323d&#8221; new_tab=&#8221;&#8221; heading=&#8221;Comercio Electr\u00f3nico&#8221; url=&#8221;https:\/\/grupocolemex.com\/colemexdisenolegal\/comercio-electronico\/&#8221;][\/vc_column][vc_column width=&#8221;1\/4&#8243;][gt3_image_box thumbnail=&#8221;1955&#8243; image_position=&#8221;top&#8221; css_animation=&#8221;fadeInUp&#8221; title_tag=&#8221;h2&#8243; imagebox_title_size=&#8221;20&#8243; title_color=&#8221;#27323d&#8221; text_color=&#8221;#73777e&#8221; link_color=&#8221;#003b74&#8243; link_hover_color=&#8221;#27323d&#8221; new_tab=&#8221;&#8221; heading=&#8221;Protecci\u00f3n de datos personales&#8221; url=&#8221;https:\/\/grupocolemex.com\/colemexdisenolegal\/proteccion-de-datos-personales\/&#8221;][\/vc_column][vc_column width=&#8221;1\/4&#8243;][gt3_image_box thumbnail=&#8221;1949&#8243; image_position=&#8221;top&#8221; css_animation=&#8221;fadeInUp&#8221; title_tag=&#8221;h2&#8243; imagebox_title_size=&#8221;20&#8243; title_color=&#8221;#27323d&#8221; text_color=&#8221;#73777e&#8221; link_color=&#8221;#003b74&#8243; link_hover_color=&#8221;#27323d&#8221; new_tab=&#8221;&#8221; heading=&#8221;Defensa de Servidores P\u00fablicos&#8221; url=&#8221;https:\/\/grupocolemex.com\/colemexdisenolegal\/defensa-de-servidores-publicos\/&#8221;][\/vc_column][vc_column width=&#8221;1\/4&#8243;][gt3_image_box thumbnail=&#8221;1950&#8243; image_position=&#8221;top&#8221; css_animation=&#8221;fadeInUp&#8221; title_tag=&#8221;h2&#8243; imagebox_title_size=&#8221;20&#8243; title_color=&#8221;#27323d&#8221; text_color=&#8221;#73777e&#8221; link_color=&#8221;#003b74&#8243; link_hover_color=&#8221;#27323d&#8221; new_tab=&#8221;&#8221; heading=&#8221;Equidad de g\u00e9nero y prevenci\u00f3n de la violencia laboral&#8221; url=&#8221;https:\/\/grupocolemex.com\/colemexdisenolegal\/equidad-de-genero-y-prevencion-de-la-violencia-laboral\/&#8221;][\/vc_column][\/vc_row][vc_row][vc_column width=&#8221;1\/4&#8243;][gt3_image_box thumbnail=&#8221;1954&#8243; image_position=&#8221;top&#8221; css_animation=&#8221;fadeInUp&#8221; title_tag=&#8221;h2&#8243; imagebox_title_size=&#8221;20&#8243; title_color=&#8221;#27323d&#8221; text_color=&#8221;#73777e&#8221; link_color=&#8221;#003b74&#8243; link_hover_color=&#8221;#27323d&#8221; new_tab=&#8221;&#8221; heading=&#8221;Ley federal para la prevenci\u00f3n e identificaci\u00f3n de operaciones con recursos de procedencia il\u00edcita&#8221; url=&#8221;https:\/\/grupocolemex.com\/colemexdisenolegal\/ley-federal-para-la-prevencion-e-identificacion-de-operaciones-con-recursos-de-procedencia-ilicita\/&#8221;][\/vc_column][\/vc_row]\n<\/section>","protected":false},"excerpt":{"rendered":"<p>[vc_row][vc_column][vc_column_text] Servicios [\/vc_column_text][\/vc_column][\/vc_row][vc_row css=&#8221;.vc_custom_1712775323412{padding-top: 15px !important;padding-bottom: 15px !important;}&#8221;][vc_column][vc_column_text]Ofrecemos servicios en diferentes ramas del derecho, con finalidad de unir experiencia, informaci\u00f3n, esfuerzo y t\u00e9cnica en beneficio de nuestros clientes.[\/vc_column_text][\/vc_column][\/vc_row][vc_row][vc_column width=&#8221;1\/4&#8243;][gt3_image_box thumbnail=&#8221;2234&#8243; image_position=&#8221;top&#8221; css_animation=&#8221;fadeInUp&#8221; title_tag=&#8221;h2&#8243; imagebox_title_size=&#8221;20&#8243; title_color=&#8221;#27323d&#8221; text_color=&#8221;#73777e&#8221; link_color=&#8221;#003b74&#8243; link_hover_color=&#8221;#27323d&#8221; new_tab=&#8221;&#8221; heading=&#8221;Juicio de Amparo&#8221; url=&#8221;https:\/\/grupocolemex.com\/colemexdisenolegal\/juicio-de-amparo\/&#8221;][\/vc_column][vc_column width=&#8221;1\/4&#8243;][gt3_image_box thumbnail=&#8221;2093&#8243; image_position=&#8221;top&#8221; css_animation=&#8221;fadeInUp&#8221; title_tag=&#8221;h2&#8243; imagebox_title_size=&#8221;20&#8243; title_color=&#8221;#27323d&#8221; text_color=&#8221;#73777e&#8221; link_color=&#8221;#003b74&#8243; link_hover_color=&#8221;#27323d&#8221; new_tab=&#8221;&#8221; heading=&#8221;Seguridad [&hellip;]<\/p>\n","protected":false},"author":1,"featured_media":0,"parent":0,"menu_order":0,"comment_status":"closed","ping_status":"closed","template":"","meta":{"footnotes":""},"class_list":["post-1982","page","type-page","status-publish","hentry"],"_links":{"self":[{"href":"https:\/\/grupocolemex.com\/colemexdisenolegal\/wp-json\/wp\/v2\/pages\/1982","targetHints":{"allow":["GET"]}}],"collection":[{"href":"https:\/\/grupocolemex.com\/colemexdisenolegal\/wp-json\/wp\/v2\/pages"}],"about":[{"href":"https:\/\/grupocolemex.com\/colemexdisenolegal\/wp-json\/wp\/v2\/types\/page"}],"author":[{"embeddable":true,"href":"https:\/\/grupocolemex.com\/colemexdisenolegal\/wp-json\/wp\/v2\/users\/1"}],"replies":[{"embeddable":true,"href":"https:\/\/grupocolemex.com\/colemexdisenolegal\/wp-json\/wp\/v2\/comments?post=1982"}],"version-history":[{"count":19,"href":"https:\/\/grupocolemex.com\/colemexdisenolegal\/wp-json\/wp\/v2\/pages\/1982\/revisions"}],"predecessor-version":[{"id":2235,"href":"https:\/\/grupocolemex.com\/colemexdisenolegal\/wp-json\/wp\/v2\/pages\/1982\/revisions\/2235"}],"wp:attachment":[{"href":"https:\/\/grupocolemex.com\/colemexdisenolegal\/wp-json\/wp\/v2\/media?parent=1982"}],"curies":[{"name":"wp","href":"https:\/\/api.w.org\/{rel}","templated":true}]}}