{"id":1897,"date":"2024-02-08T18:12:17","date_gmt":"2024-02-09T00:12:17","guid":{"rendered":"https:\/\/grupocolemex.com\/colemexdisenolegal\/operaciones-con-recursos-de-procedencia-ilicita-copy\/"},"modified":"2024-04-10T13:37:14","modified_gmt":"2024-04-10T19:37:14","slug":"estrategias-de-prevencion-y-defensa","status":"publish","type":"page","link":"https:\/\/grupocolemex.com\/colemexdisenolegal\/estrategias-de-prevencion-y-defensa\/","title":{"rendered":"Estrategias de prevenci\u00f3n y defensa"},"content":{"rendered":"<section class=\"wpb-content-wrapper\">[vc_row][vc_column][vc_single_image image=&#8221;1942&#8243; img_size=&#8221;full&#8221;][\/vc_column][\/vc_row][vc_row][vc_column][vc_empty_space height=&#8221;20px&#8221;][\/vc_column][\/vc_row][vc_row][vc_column][vc_column_text]\n<h2>Estrategias de prevenci\u00f3n y defensa<\/h2>\n[\/vc_column_text][\/vc_column][\/vc_row][vc_row css=&#8221;.vc_custom_1703039466315{padding-top: 15px !important;}&#8221;][vc_column][vc_column_text]Lo importante no es un litigio innecesario, es un dise\u00f1o legal de estrategias de prevenci\u00f3n, donde el cliente tenga la confianza de que, en caso de litigio, tendr\u00e1 mayor posibilidad de triunfo.<\/p>\n<p>A trav\u00e9s del dise\u00f1o de una defensa transversal entre las diversas ramas del derecho que disminuya los costos al cliente, obteniendo un resultado integral.[\/vc_column_text][\/vc_column][\/vc_row][vc_row][vc_column][vc_empty_space height=&#8221;20px&#8221;][\/vc_column][\/vc_row][vc_row][vc_column][vc_separator border_width=&#8221;2&#8243;][\/vc_column][\/vc_row][vc_row][vc_column][vc_empty_space height=&#8221;20px&#8221;][\/vc_column][\/vc_row][vc_row][vc_column][vc_column_text]\n<h2>Otros servicios<\/h2>\n[\/vc_column_text][\/vc_column][\/vc_row][vc_row][vc_column][vc_empty_space height=&#8221;15px&#8221;][\/vc_column][\/vc_row][vc_row][vc_column width=&#8221;1\/6&#8243;][gt3_image_box thumbnail=&#8221;1950&#8243; image_position=&#8221;top&#8221; title_tag=&#8221;h2&#8243; imagebox_title_size=&#8221;14&#8243; imagebox_content_size=&#8221;12&#8243; title_color=&#8221;#27323d&#8221; text_color=&#8221;#73777e&#8221; link_color=&#8221;#003b74&#8243; link_hover_color=&#8221;#c24747&#8243; new_tab=&#8221;&#8221; heading=&#8221;Equidad de g\u00e9nero y prevenci\u00f3n de la violencia laboral&#8221; url=&#8221;https:\/\/grupocolemex.com\/colemexdisenolegal\/equidad-de-genero-y-prevencion-de-la-violencia-laboral\/&#8221;][\/vc_column][vc_column width=&#8221;1\/6&#8243;][gt3_image_box thumbnail=&#8221;2093&#8243; image_position=&#8221;top&#8221; title_tag=&#8221;h2&#8243; imagebox_title_size=&#8221;14&#8243; imagebox_content_size=&#8221;12&#8243; title_color=&#8221;#27323d&#8221; text_color=&#8221;#73777e&#8221; link_color=&#8221;#003b74&#8243; link_hover_color=&#8221;#c24747&#8243; new_tab=&#8221;&#8221; heading=&#8221;Seguridad Privada&#8221; url=&#8221;https:\/\/grupocolemex.com\/colemexdisenolegal\/seguridad-privada\/&#8221;][\/vc_column][vc_column width=&#8221;1\/6&#8243;][gt3_image_box thumbnail=&#8221;2227&#8243; image_position=&#8221;top&#8221; title_tag=&#8221;h2&#8243; imagebox_title_size=&#8221;14&#8243; imagebox_content_size=&#8221;12&#8243; title_color=&#8221;#27323d&#8221; text_color=&#8221;#73777e&#8221; link_color=&#8221;#003b74&#8243; link_hover_color=&#8221;#c24747&#8243; new_tab=&#8221;&#8221; heading=&#8221;Litigio&#8221; url=&#8221;https:\/\/grupocolemex.com\/colemexdisenolegal\/litigio\/&#8221;][\/vc_column][vc_column width=&#8221;1\/6&#8243;][gt3_image_box thumbnail=&#8221;1949&#8243; image_position=&#8221;top&#8221; title_tag=&#8221;h2&#8243; imagebox_title_size=&#8221;14&#8243; imagebox_content_size=&#8221;12&#8243; title_color=&#8221;#27323d&#8221; text_color=&#8221;#73777e&#8221; link_color=&#8221;#003b74&#8243; link_hover_color=&#8221;#c24747&#8243; new_tab=&#8221;&#8221; heading=&#8221;Defensa de Servidores P\u00fablicos&#8221; url=&#8221;https:\/\/grupocolemex.com\/colemexdisenolegal\/defensa-de-servidores-publicos\/&#8221;][\/vc_column][vc_column width=&#8221;1\/6&#8243;][gt3_image_box thumbnail=&#8221;2234&#8243; image_position=&#8221;top&#8221; title_tag=&#8221;h2&#8243; imagebox_title_size=&#8221;14&#8243; imagebox_content_size=&#8221;12&#8243; title_color=&#8221;#27323d&#8221; text_color=&#8221;#73777e&#8221; link_color=&#8221;#003b74&#8243; link_hover_color=&#8221;#c24747&#8243; new_tab=&#8221;&#8221; heading=&#8221;Juicio de Amparo&#8221; url=&#8221;https:\/\/grupocolemex.com\/colemexdisenolegal\/juicio-de-amparo\/&#8221;][\/vc_column][vc_column width=&#8221;1\/6&#8243;][gt3_image_box thumbnail=&#8221;1955&#8243; image_position=&#8221;top&#8221; title_tag=&#8221;h2&#8243; imagebox_title_size=&#8221;14&#8243; imagebox_content_size=&#8221;12&#8243; title_color=&#8221;#27323d&#8221; text_color=&#8221;#73777e&#8221; link_color=&#8221;#003b74&#8243; link_hover_color=&#8221;#c24747&#8243; new_tab=&#8221;&#8221; heading=&#8221;Protecci\u00f3n de datos personales&#8221; url=&#8221;https:\/\/grupocolemex.com\/colemexdisenolegal\/proteccion-de-datos-personales\/&#8221;][\/vc_column][\/vc_row]\n<\/section>","protected":false},"excerpt":{"rendered":"<p>[vc_row][vc_column][vc_single_image image=&#8221;1942&#8243; img_size=&#8221;full&#8221;][\/vc_column][\/vc_row][vc_row][vc_column][vc_empty_space height=&#8221;20px&#8221;][\/vc_column][\/vc_row][vc_row][vc_column][vc_column_text] Estrategias de prevenci\u00f3n y defensa [\/vc_column_text][\/vc_column][\/vc_row][vc_row css=&#8221;.vc_custom_1703039466315{padding-top: 15px !important;}&#8221;][vc_column][vc_column_text]Lo importante no es un litigio innecesario, es un dise\u00f1o legal de estrategias de prevenci\u00f3n, donde el cliente tenga la confianza de que, en caso de litigio, tendr\u00e1 mayor posibilidad de triunfo. A trav\u00e9s del dise\u00f1o de una defensa transversal entre las diversas [&hellip;]<\/p>\n","protected":false},"author":1,"featured_media":0,"parent":0,"menu_order":0,"comment_status":"closed","ping_status":"closed","template":"","meta":{"footnotes":""},"class_list":["post-1897","page","type-page","status-publish","hentry"],"_links":{"self":[{"href":"https:\/\/grupocolemex.com\/colemexdisenolegal\/wp-json\/wp\/v2\/pages\/1897","targetHints":{"allow":["GET"]}}],"collection":[{"href":"https:\/\/grupocolemex.com\/colemexdisenolegal\/wp-json\/wp\/v2\/pages"}],"about":[{"href":"https:\/\/grupocolemex.com\/colemexdisenolegal\/wp-json\/wp\/v2\/types\/page"}],"author":[{"embeddable":true,"href":"https:\/\/grupocolemex.com\/colemexdisenolegal\/wp-json\/wp\/v2\/users\/1"}],"replies":[{"embeddable":true,"href":"https:\/\/grupocolemex.com\/colemexdisenolegal\/wp-json\/wp\/v2\/comments?post=1897"}],"version-history":[{"count":6,"href":"https:\/\/grupocolemex.com\/colemexdisenolegal\/wp-json\/wp\/v2\/pages\/1897\/revisions"}],"predecessor-version":[{"id":2238,"href":"https:\/\/grupocolemex.com\/colemexdisenolegal\/wp-json\/wp\/v2\/pages\/1897\/revisions\/2238"}],"wp:attachment":[{"href":"https:\/\/grupocolemex.com\/colemexdisenolegal\/wp-json\/wp\/v2\/media?parent=1897"}],"curies":[{"name":"wp","href":"https:\/\/api.w.org\/{rel}","templated":true}]}}