{"id":1888,"date":"2024-02-08T17:19:37","date_gmt":"2024-02-08T23:19:37","guid":{"rendered":"https:\/\/grupocolemex.com\/colemexdisenolegal\/defensa-de-servidores-publicos-copy\/"},"modified":"2024-04-10T13:29:51","modified_gmt":"2024-04-10T19:29:51","slug":"juicio-de-amparo","status":"publish","type":"page","link":"https:\/\/grupocolemex.com\/colemexdisenolegal\/juicio-de-amparo\/","title":{"rendered":"Juicio de Amparo"},"content":{"rendered":"<section class=\"wpb-content-wrapper\">[vc_row][vc_column][vc_single_image image=&#8221;2232&#8243; img_size=&#8221;full&#8221;][\/vc_column][\/vc_row][vc_row][vc_column][vc_empty_space height=&#8221;20px&#8221;][\/vc_column][\/vc_row][vc_row][vc_column][vc_column_text]\n<h2>Juicio de Amparo<\/h2>\n[\/vc_column_text][\/vc_column][\/vc_row][vc_row css=&#8221;.vc_custom_1703039466315{padding-top: 15px !important;}&#8221;][vc_column][vc_column_text]Interposici\u00f3n de juicios de amparo en todas las materias.<\/p>\n<p>En juicios de amparo contra multas en materia de comercio exterior y contra cr\u00e9ditos fiscales, con el fin de dejar de pagar la multa y el cr\u00e9dito fiscal impuesto, en beneficio de la econom\u00eda del cliente.<\/p>\n<p>Adem\u00e1s, en los \u00faltimos tres a\u00f1os se han obtenido, en favor de los clientes, sentencias concesorias del Amparo y Protecci\u00f3n de la Justicia de la Uni\u00f3n, contra el pago de cr\u00e9ditos fiscales por auditorias en materia fiscal y de comercio exterior, liberaci\u00f3n de cuentas bancarias y multas impuestas por autoridades reguladoras de seguridad privada y en materia de lavado de dinero, lo que beneficia en la econom\u00eda de nuestros clientes.[\/vc_column_text][\/vc_column][\/vc_row][vc_row][vc_column][vc_empty_space height=&#8221;20px&#8221;][\/vc_column][\/vc_row][vc_row][vc_column][vc_separator border_width=&#8221;2&#8243;][\/vc_column][\/vc_row][vc_row][vc_column][vc_empty_space height=&#8221;20px&#8221;][\/vc_column][\/vc_row][vc_row][vc_column][vc_column_text]\n<h2>Otros servicios<\/h2>\n[\/vc_column_text][\/vc_column][\/vc_row][vc_row][vc_column][vc_empty_space height=&#8221;15px&#8221;][\/vc_column][\/vc_row][vc_row][vc_column width=&#8221;1\/6&#8243;][gt3_image_box thumbnail=&#8221;1955&#8243; image_position=&#8221;top&#8221; title_tag=&#8221;h2&#8243; imagebox_title_size=&#8221;14&#8243; imagebox_content_size=&#8221;12&#8243; title_color=&#8221;#27323d&#8221; text_color=&#8221;#73777e&#8221; link_color=&#8221;#003b74&#8243; link_hover_color=&#8221;#c24747&#8243; new_tab=&#8221;&#8221; heading=&#8221;Protecci\u00f3n de datos personales&#8221; url=&#8221;https:\/\/grupocolemex.com\/colemexdisenolegal\/proteccion-de-datos-personales\/&#8221;][\/vc_column][vc_column width=&#8221;1\/6&#8243;][gt3_image_box thumbnail=&#8221;1948&#8243; image_position=&#8221;top&#8221; title_tag=&#8221;h2&#8243; imagebox_title_size=&#8221;14&#8243; imagebox_content_size=&#8221;12&#8243; title_color=&#8221;#27323d&#8221; text_color=&#8221;#73777e&#8221; link_color=&#8221;#003b74&#8243; link_hover_color=&#8221;#c24747&#8243; new_tab=&#8221;&#8221; heading=&#8221;Comercio Electr\u00f3nico&#8221; url=&#8221;https:\/\/grupocolemex.com\/colemexdisenolegal\/comercio-electronico\/&#8221;][\/vc_column][vc_column width=&#8221;1\/6&#8243;][gt3_image_box thumbnail=&#8221;1954&#8243; image_position=&#8221;top&#8221; title_tag=&#8221;h2&#8243; imagebox_title_size=&#8221;14&#8243; imagebox_content_size=&#8221;12&#8243; title_color=&#8221;#27323d&#8221; text_color=&#8221;#73777e&#8221; link_color=&#8221;#003b74&#8243; link_hover_color=&#8221;#c24747&#8243; new_tab=&#8221;&#8221; heading=&#8221;Operaciones con recursos de procedencia il\u00edcita&#8221; url=&#8221;https:\/\/grupocolemex.com\/colemexdisenolegal\/ley-federal-para-la-prevencion-e-identificacion-de-operaciones-con-recursos-de-procedencia-ilicita\/&#8221;][\/vc_column][vc_column width=&#8221;1\/6&#8243;][gt3_image_box thumbnail=&#8221;1951&#8243; image_position=&#8221;top&#8221; title_tag=&#8221;h2&#8243; imagebox_title_size=&#8221;14&#8243; imagebox_content_size=&#8221;12&#8243; title_color=&#8221;#27323d&#8221; text_color=&#8221;#73777e&#8221; link_color=&#8221;#003b74&#8243; link_hover_color=&#8221;#c24747&#8243; new_tab=&#8221;&#8221; heading=&#8221;Estrategias de prevenci\u00f3n y defensa&#8221; url=&#8221;https:\/\/grupocolemex.com\/colemexdisenolegal\/estrategias-de-prevencion-y-defensa\/&#8221;][\/vc_column][vc_column width=&#8221;1\/6&#8243;][gt3_image_box thumbnail=&#8221;1950&#8243; image_position=&#8221;top&#8221; title_tag=&#8221;h2&#8243; imagebox_title_size=&#8221;14&#8243; imagebox_content_size=&#8221;12&#8243; title_color=&#8221;#27323d&#8221; text_color=&#8221;#73777e&#8221; link_color=&#8221;#003b74&#8243; link_hover_color=&#8221;#c24747&#8243; new_tab=&#8221;&#8221; heading=&#8221;Equidad de g\u00e9nero y prevenci\u00f3n de la violencia laboral&#8221; url=&#8221;https:\/\/grupocolemex.com\/colemexdisenolegal\/equidad-de-genero-y-prevencion-de-la-violencia-laboral\/&#8221;][\/vc_column][vc_column width=&#8221;1\/6&#8243;][gt3_image_box thumbnail=&#8221;2093&#8243; image_position=&#8221;top&#8221; title_tag=&#8221;h2&#8243; imagebox_title_size=&#8221;14&#8243; imagebox_content_size=&#8221;12&#8243; title_color=&#8221;#27323d&#8221; text_color=&#8221;#73777e&#8221; link_color=&#8221;#003b74&#8243; link_hover_color=&#8221;#c24747&#8243; new_tab=&#8221;&#8221; heading=&#8221;Seguridad Privada&#8221; url=&#8221;https:\/\/grupocolemex.com\/colemexdisenolegal\/seguridad-privada\/&#8221;][\/vc_column][\/vc_row]\n<\/section>","protected":false},"excerpt":{"rendered":"<p>[vc_row][vc_column][vc_single_image image=&#8221;2232&#8243; img_size=&#8221;full&#8221;][\/vc_column][\/vc_row][vc_row][vc_column][vc_empty_space height=&#8221;20px&#8221;][\/vc_column][\/vc_row][vc_row][vc_column][vc_column_text] Juicio de Amparo [\/vc_column_text][\/vc_column][\/vc_row][vc_row css=&#8221;.vc_custom_1703039466315{padding-top: 15px !important;}&#8221;][vc_column][vc_column_text]Interposici\u00f3n de juicios de amparo en todas las materias. En juicios de amparo contra multas en materia de comercio exterior y contra cr\u00e9ditos fiscales, con el fin de dejar de pagar la multa y el cr\u00e9dito fiscal impuesto, en beneficio de la econom\u00eda del cliente. [&hellip;]<\/p>\n","protected":false},"author":1,"featured_media":0,"parent":0,"menu_order":0,"comment_status":"closed","ping_status":"closed","template":"","meta":{"footnotes":""},"class_list":["post-1888","page","type-page","status-publish","hentry"],"_links":{"self":[{"href":"https:\/\/grupocolemex.com\/colemexdisenolegal\/wp-json\/wp\/v2\/pages\/1888","targetHints":{"allow":["GET"]}}],"collection":[{"href":"https:\/\/grupocolemex.com\/colemexdisenolegal\/wp-json\/wp\/v2\/pages"}],"about":[{"href":"https:\/\/grupocolemex.com\/colemexdisenolegal\/wp-json\/wp\/v2\/types\/page"}],"author":[{"embeddable":true,"href":"https:\/\/grupocolemex.com\/colemexdisenolegal\/wp-json\/wp\/v2\/users\/1"}],"replies":[{"embeddable":true,"href":"https:\/\/grupocolemex.com\/colemexdisenolegal\/wp-json\/wp\/v2\/comments?post=1888"}],"version-history":[{"count":8,"href":"https:\/\/grupocolemex.com\/colemexdisenolegal\/wp-json\/wp\/v2\/pages\/1888\/revisions"}],"predecessor-version":[{"id":2233,"href":"https:\/\/grupocolemex.com\/colemexdisenolegal\/wp-json\/wp\/v2\/pages\/1888\/revisions\/2233"}],"wp:attachment":[{"href":"https:\/\/grupocolemex.com\/colemexdisenolegal\/wp-json\/wp\/v2\/media?parent=1888"}],"curies":[{"name":"wp","href":"https:\/\/api.w.org\/{rel}","templated":true}]}}