{"id":1885,"date":"2024-02-08T16:07:12","date_gmt":"2024-02-08T22:07:12","guid":{"rendered":"https:\/\/grupocolemex.com\/colemexdisenolegal\/comercio-electronico-copy\/"},"modified":"2024-04-10T13:40:16","modified_gmt":"2024-04-10T19:40:16","slug":"defensa-de-servidores-publicos","status":"publish","type":"page","link":"https:\/\/grupocolemex.com\/colemexdisenolegal\/defensa-de-servidores-publicos\/","title":{"rendered":"Defensa de Servidores P\u00fablicos"},"content":{"rendered":"<section class=\"wpb-content-wrapper\">[vc_row][vc_column][vc_single_image image=&#8221;1940&#8243; img_size=&#8221;full&#8221;][\/vc_column][\/vc_row][vc_row][vc_column][vc_empty_space height=&#8221;20px&#8221;][\/vc_column][\/vc_row][vc_row][vc_column][vc_column_text]\n<h2>Defensa de Servidores P\u00fablicos<\/h2>\n[\/vc_column_text][\/vc_column][\/vc_row][vc_row css=&#8221;.vc_custom_1703039466315{padding-top: 15px !important;}&#8221;][vc_column][vc_column_text]<span style=\"font-weight: 400;\">Atendiendo a que un servidor p\u00fablico puede ser sujeto a cinco tipos de responsabilidades (laboral, penal, administrativa, econ\u00f3mica y civil), el equipo de COLEMEX Dise\u00f1o Legal, tiene la aptitud y el conocimiento para dise\u00f1ar una defensa integral para el cliente, en raz\u00f3n de las diversas ramas del derecho que se litigan.<\/span>[\/vc_column_text][\/vc_column][\/vc_row][vc_row][vc_column][vc_empty_space height=&#8221;20px&#8221;][\/vc_column][\/vc_row][vc_row][vc_column][vc_separator border_width=&#8221;2&#8243;][\/vc_column][\/vc_row][vc_row][vc_column][vc_empty_space height=&#8221;20px&#8221;][\/vc_column][\/vc_row][vc_row][vc_column][vc_column_text]\n<h2>Otros servicios<\/h2>\n[\/vc_column_text][\/vc_column][\/vc_row][vc_row][vc_column][vc_empty_space height=&#8221;15px&#8221;][\/vc_column][\/vc_row][vc_row][vc_column width=&#8221;1\/6&#8243;][gt3_image_box thumbnail=&#8221;2234&#8243; image_position=&#8221;top&#8221; title_tag=&#8221;h2&#8243; imagebox_title_size=&#8221;14&#8243; imagebox_content_size=&#8221;12&#8243; title_color=&#8221;#27323d&#8221; text_color=&#8221;#73777e&#8221; link_color=&#8221;#003b74&#8243; link_hover_color=&#8221;#c24747&#8243; new_tab=&#8221;&#8221; heading=&#8221;Juicio de Amparo&#8221; url=&#8221;https:\/\/grupocolemex.com\/colemexdisenolegal\/juicio-de-amparo\/&#8221;][\/vc_column][vc_column width=&#8221;1\/6&#8243;][gt3_image_box thumbnail=&#8221;1955&#8243; image_position=&#8221;top&#8221; title_tag=&#8221;h2&#8243; imagebox_title_size=&#8221;14&#8243; imagebox_content_size=&#8221;12&#8243; title_color=&#8221;#27323d&#8221; text_color=&#8221;#73777e&#8221; link_color=&#8221;#003b74&#8243; link_hover_color=&#8221;#c24747&#8243; new_tab=&#8221;&#8221; heading=&#8221;Protecci\u00f3n de datos personales&#8221; url=&#8221;https:\/\/grupocolemex.com\/colemexdisenolegal\/proteccion-de-datos-personales\/&#8221;][\/vc_column][vc_column width=&#8221;1\/6&#8243;][gt3_image_box thumbnail=&#8221;1948&#8243; image_position=&#8221;top&#8221; title_tag=&#8221;h2&#8243; imagebox_title_size=&#8221;14&#8243; imagebox_content_size=&#8221;12&#8243; title_color=&#8221;#27323d&#8221; text_color=&#8221;#73777e&#8221; link_color=&#8221;#003b74&#8243; link_hover_color=&#8221;#c24747&#8243; new_tab=&#8221;&#8221; heading=&#8221;Comercio Electr\u00f3nico&#8221; url=&#8221;https:\/\/grupocolemex.com\/colemexdisenolegal\/comercio-electronico\/&#8221;][\/vc_column][vc_column width=&#8221;1\/6&#8243;][gt3_image_box thumbnail=&#8221;1954&#8243; image_position=&#8221;top&#8221; title_tag=&#8221;h2&#8243; imagebox_title_size=&#8221;14&#8243; imagebox_content_size=&#8221;12&#8243; title_color=&#8221;#27323d&#8221; text_color=&#8221;#73777e&#8221; link_color=&#8221;#003b74&#8243; link_hover_color=&#8221;#c24747&#8243; new_tab=&#8221;&#8221; heading=&#8221;Operaciones con recursos de procedencia il\u00edcita&#8221; url=&#8221;https:\/\/grupocolemex.com\/colemexdisenolegal\/ley-federal-para-la-prevencion-e-identificacion-de-operaciones-con-recursos-de-procedencia-ilicita\/&#8221;][\/vc_column][vc_column width=&#8221;1\/6&#8243;][gt3_image_box thumbnail=&#8221;1951&#8243; image_position=&#8221;top&#8221; title_tag=&#8221;h2&#8243; imagebox_title_size=&#8221;14&#8243; imagebox_content_size=&#8221;12&#8243; title_color=&#8221;#27323d&#8221; text_color=&#8221;#73777e&#8221; link_color=&#8221;#003b74&#8243; link_hover_color=&#8221;#c24747&#8243; new_tab=&#8221;&#8221; heading=&#8221;Estrategias de prevenci\u00f3n y defensa&#8221; url=&#8221;https:\/\/grupocolemex.com\/colemexdisenolegal\/estrategias-de-prevencion-y-defensa\/&#8221;][\/vc_column][vc_column width=&#8221;1\/6&#8243;][gt3_image_box thumbnail=&#8221;1950&#8243; image_position=&#8221;top&#8221; title_tag=&#8221;h2&#8243; imagebox_title_size=&#8221;14&#8243; imagebox_content_size=&#8221;12&#8243; title_color=&#8221;#27323d&#8221; text_color=&#8221;#73777e&#8221; link_color=&#8221;#003b74&#8243; link_hover_color=&#8221;#c24747&#8243; new_tab=&#8221;&#8221; heading=&#8221;Equidad de g\u00e9nero y prevenci\u00f3n de la violencia laboral&#8221; url=&#8221;https:\/\/grupocolemex.com\/colemexdisenolegal\/equidad-de-genero-y-prevencion-de-la-violencia-laboral\/&#8221;][\/vc_column][\/vc_row]\n<\/section>","protected":false},"excerpt":{"rendered":"<p>[vc_row][vc_column][vc_single_image image=&#8221;1940&#8243; img_size=&#8221;full&#8221;][\/vc_column][\/vc_row][vc_row][vc_column][vc_empty_space height=&#8221;20px&#8221;][\/vc_column][\/vc_row][vc_row][vc_column][vc_column_text] Defensa de Servidores P\u00fablicos [\/vc_column_text][\/vc_column][\/vc_row][vc_row css=&#8221;.vc_custom_1703039466315{padding-top: 15px !important;}&#8221;][vc_column][vc_column_text]Atendiendo a que un servidor p\u00fablico puede ser sujeto a cinco tipos de responsabilidades (laboral, penal, administrativa, econ\u00f3mica y civil), el equipo de COLEMEX Dise\u00f1o Legal, tiene la aptitud y el conocimiento para dise\u00f1ar una defensa integral para el cliente, en raz\u00f3n de las [&hellip;]<\/p>\n","protected":false},"author":1,"featured_media":0,"parent":0,"menu_order":0,"comment_status":"closed","ping_status":"closed","template":"","meta":{"footnotes":""},"class_list":["post-1885","page","type-page","status-publish","hentry"],"_links":{"self":[{"href":"https:\/\/grupocolemex.com\/colemexdisenolegal\/wp-json\/wp\/v2\/pages\/1885","targetHints":{"allow":["GET"]}}],"collection":[{"href":"https:\/\/grupocolemex.com\/colemexdisenolegal\/wp-json\/wp\/v2\/pages"}],"about":[{"href":"https:\/\/grupocolemex.com\/colemexdisenolegal\/wp-json\/wp\/v2\/types\/page"}],"author":[{"embeddable":true,"href":"https:\/\/grupocolemex.com\/colemexdisenolegal\/wp-json\/wp\/v2\/users\/1"}],"replies":[{"embeddable":true,"href":"https:\/\/grupocolemex.com\/colemexdisenolegal\/wp-json\/wp\/v2\/comments?post=1885"}],"version-history":[{"count":6,"href":"https:\/\/grupocolemex.com\/colemexdisenolegal\/wp-json\/wp\/v2\/pages\/1885\/revisions"}],"predecessor-version":[{"id":2241,"href":"https:\/\/grupocolemex.com\/colemexdisenolegal\/wp-json\/wp\/v2\/pages\/1885\/revisions\/2241"}],"wp:attachment":[{"href":"https:\/\/grupocolemex.com\/colemexdisenolegal\/wp-json\/wp\/v2\/media?parent=1885"}],"curies":[{"name":"wp","href":"https:\/\/api.w.org\/{rel}","templated":true}]}}