{"id":1872,"date":"2024-01-25T15:14:41","date_gmt":"2024-01-25T21:14:41","guid":{"rendered":"https:\/\/grupocolemex.com\/colemexdisenolegal\/acercar-de-copy\/"},"modified":"2024-10-21T14:40:27","modified_gmt":"2024-10-21T20:40:27","slug":"logros","status":"publish","type":"page","link":"https:\/\/grupocolemex.com\/colemexdisenolegal\/logros\/","title":{"rendered":"Logros"},"content":{"rendered":"<section class=\"wpb-content-wrapper\">[vc_row][vc_column][vc_single_image image=&#8221;2401&#8243; img_size=&#8221;full&#8221;][\/vc_column][\/vc_row][vc_row][vc_column][vc_empty_space][\/vc_column][\/vc_row][vc_row][vc_column][vc_column_text]\n<h2>Logros en interpetraci\u00f3n legal<\/h2>\n[\/vc_column_text][\/vc_column][\/vc_row][vc_row css=&#8221;.vc_custom_1703039605784{padding-top: 15px !important;padding-bottom: 15px !important;}&#8221;][vc_column width=&#8221;1\/2&#8243;][vc_column_text]\n<ul>\n<li>Conseguir la declaraci\u00f3n de inconstitucionalidad del art\u00edculo 37 p\u00e1rrafo segundo de la Ley Federal de Responsabilidades Administrativas de los Servidores P\u00fablicos.<\/li>\n<li>Conseguir la aplicaci\u00f3n del recurso de queja por la omisi\u00f3n de la autoridad demandada de dar cumplimiento en el plazo de cuatro meses de la sentencia dictada en un juicio de nulidad.<\/li>\n<li>La firma tiene un r\u00e9cord de que el 95% de los casos atendidos han sido con \u00e9xito en beneficio del cliente.<\/li>\n<\/ul>\n[\/vc_column_text][\/vc_column][vc_column width=&#8221;1\/2&#8243;][vc_column_text]\n<ul>\n<li>Conseguir la declaraci\u00f3n de inconvencionalidad del art\u00edculo de la fracci\u00f3n II del art\u00edculo 8o. de la Ley Federal de Procedimiento Contencioso Administrativo.<\/li>\n<li>Conseguir la declaraci\u00f3n de inconstitucionalidad del pago de derechos de copia certificada e inscripci\u00f3n en el Registro P\u00fablico de la Propiedad y del Comercio de actos jur\u00eddicos y embargos.<\/li>\n<li>La facultad que tiene la autoridad aduanera para la revisi\u00f3n de maquinaria, caduca a los 5 a\u00f1os de la importaci\u00f3n de la misma, aunque se deber\u00e1 mantener el pedimento de importaci\u00f3n por todo el tiempo que este la maquinaria en el pa\u00eds.<\/li>\n<\/ul>\n[\/vc_column_text][\/vc_column][\/vc_row]\n<\/section>","protected":false},"excerpt":{"rendered":"<p>[vc_row][vc_column][vc_single_image image=&#8221;2401&#8243; img_size=&#8221;full&#8221;][\/vc_column][\/vc_row][vc_row][vc_column][vc_empty_space][\/vc_column][\/vc_row][vc_row][vc_column][vc_column_text] Logros en interpetraci\u00f3n legal [\/vc_column_text][\/vc_column][\/vc_row][vc_row css=&#8221;.vc_custom_1703039605784{padding-top: 15px !important;padding-bottom: 15px !important;}&#8221;][vc_column width=&#8221;1\/2&#8243;][vc_column_text] Conseguir la declaraci\u00f3n de inconstitucionalidad del art\u00edculo 37 p\u00e1rrafo segundo de la Ley Federal de Responsabilidades Administrativas de los Servidores P\u00fablicos. Conseguir la aplicaci\u00f3n del recurso de queja por la omisi\u00f3n de la autoridad demandada de dar cumplimiento en el plazo [&hellip;]<\/p>\n","protected":false},"author":1,"featured_media":237,"parent":0,"menu_order":0,"comment_status":"closed","ping_status":"closed","template":"","meta":{"footnotes":""},"class_list":["post-1872","page","type-page","status-publish","has-post-thumbnail","hentry"],"_links":{"self":[{"href":"https:\/\/grupocolemex.com\/colemexdisenolegal\/wp-json\/wp\/v2\/pages\/1872","targetHints":{"allow":["GET"]}}],"collection":[{"href":"https:\/\/grupocolemex.com\/colemexdisenolegal\/wp-json\/wp\/v2\/pages"}],"about":[{"href":"https:\/\/grupocolemex.com\/colemexdisenolegal\/wp-json\/wp\/v2\/types\/page"}],"author":[{"embeddable":true,"href":"https:\/\/grupocolemex.com\/colemexdisenolegal\/wp-json\/wp\/v2\/users\/1"}],"replies":[{"embeddable":true,"href":"https:\/\/grupocolemex.com\/colemexdisenolegal\/wp-json\/wp\/v2\/comments?post=1872"}],"version-history":[{"count":5,"href":"https:\/\/grupocolemex.com\/colemexdisenolegal\/wp-json\/wp\/v2\/pages\/1872\/revisions"}],"predecessor-version":[{"id":2402,"href":"https:\/\/grupocolemex.com\/colemexdisenolegal\/wp-json\/wp\/v2\/pages\/1872\/revisions\/2402"}],"wp:featuredmedia":[{"embeddable":true,"href":"https:\/\/grupocolemex.com\/colemexdisenolegal\/wp-json\/wp\/v2\/media\/237"}],"wp:attachment":[{"href":"https:\/\/grupocolemex.com\/colemexdisenolegal\/wp-json\/wp\/v2\/media?parent=1872"}],"curies":[{"name":"wp","href":"https:\/\/api.w.org\/{rel}","templated":true}]}}