{"id":1810,"date":"2023-12-19T19:17:57","date_gmt":"2023-12-20T01:17:57","guid":{"rendered":"https:\/\/grupocolemex.com\/colemexdisenolegal\/contacts-copy\/"},"modified":"2024-05-31T14:15:19","modified_gmt":"2024-05-31T20:15:19","slug":"contacto","status":"publish","type":"page","link":"https:\/\/grupocolemex.com\/colemexdisenolegal\/contacto\/","title":{"rendered":"Contacto"},"content":{"rendered":"<section class=\"wpb-content-wrapper\">[vc_row css_animation=&#8221;fadeInUp&#8221; css=&#8221;.vc_custom_1484835823186{padding-top: 38px !important;padding-bottom: 41px !important;}&#8221;][vc_column][vc_column_text]\n<h2 style=\"text-align: center;\">Cont\u00e1ctenos<\/h2>\n[\/vc_column_text][\/vc_column][\/vc_row][vc_row][vc_column width=&#8221;1\/4&#8243;][gt3_icon_box icon_type=&#8221;font&#8221; icon_fontawesome=&#8221;fas fa-phone-volume&#8221; icon_position=&#8221;top&#8221; css_animation=&#8221;fadeInLeft&#8221; icon_size=&#8221;small&#8221; icon_color=&#8221;#003b74&#8243; title_tag=&#8221;h4&#8243; iconbox_title_size=&#8221;18&#8243; iconbox_content_size=&#8221;16&#8243; title_color=&#8221;#27323d&#8221; text_color=&#8221;#909aa3&#8243; link_color=&#8221;#c24747&#8243; link_hover_color=&#8221;#27323d&#8221; new_tab=&#8221;&#8221; icon_circle=&#8221;&#8221; heading=&#8221;Tel\u00e9fonos&#8221; text=&#8221;(55) 5235-6060<\/br>(55) 8500-0280&#8243;][vc_empty_space height=&#8221;20px&#8221;][\/vc_column][vc_column width=&#8221;1\/4&#8243;][gt3_icon_box icon_type=&#8221;font&#8221; icon_fontawesome=&#8221;fas fa-map-marker-alt&#8221; icon_position=&#8221;top&#8221; css_animation=&#8221;fadeInUp&#8221; icon_size=&#8221;small&#8221; icon_color=&#8221;#003b74&#8243; title_tag=&#8221;h4&#8243; iconbox_title_size=&#8221;18&#8243; iconbox_content_size=&#8221;16&#8243; title_color=&#8221;#27323d&#8221; text_color=&#8221;#909aa3&#8243; link_color=&#8221;#c24747&#8243; link_hover_color=&#8221;#27323d&#8221; new_tab=&#8221;&#8221; icon_circle=&#8221;&#8221; heading=&#8221;Direcci\u00f3n&#8221; text=&#8221;Diego Arenas Guzm\u00e1n 199,<br \/>\nIztacc\u00edhuatl, Benito Ju\u00e1rez,<br \/>\nM\u00e9xico, CDMX. 03520&#8243;][vc_empty_space height=&#8221;20px&#8221;][\/vc_column][vc_column width=&#8221;1\/4&#8243;][gt3_icon_box icon_type=&#8221;font&#8221; icon_fontawesome=&#8221;far fa-envelope-open&#8221; icon_position=&#8221;top&#8221; css_animation=&#8221;fadeInUp&#8221; icon_size=&#8221;small&#8221; icon_color=&#8221;#003b74&#8243; title_tag=&#8221;h4&#8243; iconbox_title_size=&#8221;18&#8243; iconbox_content_size=&#8221;16&#8243; title_color=&#8221;#27323d&#8221; text_color=&#8221;#909aa3&#8243; link_color=&#8221;#c24747&#8243; link_hover_color=&#8221;#27323d&#8221; new_tab=&#8221;true&#8221; icon_circle=&#8221;&#8221; heading=&#8221;E-Mail&#8221; text=&#8221;admon@grupocolemex.com&#8221; url=&#8221;mailto:info@grupocolemex.com&#8221;][vc_empty_space height=&#8221;20px&#8221;][\/vc_column][vc_column width=&#8221;1\/4&#8243;][gt3_icon_box icon_type=&#8221;font&#8221; icon_fontawesome=&#8221;fas fa-user-clock&#8221; icon_position=&#8221;top&#8221; css_animation=&#8221;fadeInRight&#8221; icon_size=&#8221;small&#8221; icon_color=&#8221;#003b74&#8243; title_tag=&#8221;h4&#8243; iconbox_title_size=&#8221;18&#8243; iconbox_content_size=&#8221;16&#8243; title_color=&#8221;#27323d&#8221; text_color=&#8221;#909aa3&#8243; link_color=&#8221;#c24747&#8243; link_hover_color=&#8221;#27323d&#8221; new_tab=&#8221;&#8221; icon_circle=&#8221;&#8221; heading=&#8221;Atenci\u00f3n&#8221; text=&#8221;Lunes a Viernes<\/br> 9:00 a 15:00<\/br>16:30 a 18:00 hrs.&#8221;][vc_empty_space height=&#8221;20px&#8221;][\/vc_column][\/vc_row][vc_row css_animation=&#8221;fadeInUp&#8221; css=&#8221;.vc_custom_1484835823186{padding-top: 38px !important;padding-bottom: 41px !important;}&#8221;][vc_column][vc_column_text]\n<h2 style=\"text-align: center;\">Vis\u00edtenos<\/h2>\n[\/vc_column_text][\/vc_column][\/vc_row][vc_row][vc_column][vc_empty_space height=&#8221;20px&#8221;][\/vc_column][\/vc_row][vc_row css_animation=&#8221;fadeIn&#8221; css=&#8221;.vc_custom_1703035662235{padding-bottom: 20px !important;}&#8221;][vc_column][vc_raw_html]JTNDaWZyYW1lJTIwc3JjJTNEJTIyaHR0cHMlM0ElMkYlMkZ3d3cuZ29vZ2xlLmNvbSUyRm1hcHMlMkZlbWJlZCUzRnBiJTNEJTIxMW0xOCUyMTFtMTIlMjExbTMlMjExZDM3NjMuNTI4NTU0NzAzMDA0JTIxMmQtOTkuMTM4MDg4NyUyMTNkMTkuMzg5NTU1OCUyMTJtMyUyMTFmMCUyMTJmMCUyMTNmMCUyMTNtMiUyMTFpMTAyNCUyMTJpNzY4JTIxNGYxMy4xJTIxM20zJTIxMW0yJTIxMXMweDg1ZDFmZWY5MWFkZTM1MTclMjUzQTB4MjVjOWFiMjFlZGM3YjcxMyUyMTJzRGllZ28lMjUyMEEuJTI1MjBHdXptYW4lMjUyMDE5OSUyNTJDJTI1MjBJenRhY2NpaHVhdGwlMjUyQyUyNTIwQmVuaXRvJTI1MjBKdSUyNUMzJTI1QTFyZXolMjUyQyUyNTIwMDM1MjAlMjUyMENpdWRhZCUyNTIwZGUlMjUyME0lMjVDMyUyNUE5eGljbyUyNTJDJTI1MjBDRE1YJTIxNWUwJTIxM20yJTIxMXNlcy00MTklMjEyc214JTIxNHYxNzAzMDM1MTMzODk4JTIxNW0yJTIxMXNlcy00MTklMjEyc214JTIyJTIwd2lkdGglM0QlMjI2MDAlMjIlMjBoZWlnaHQlM0QlMjIyNTAlMjIlMjBzdHlsZSUzRCUyMmJvcmRlciUzQTAlM0IlMjIlMjBhbGxvd2Z1bGxzY3JlZW4lM0QlMjIlMjIlMjBsb2FkaW5nJTNEJTIybGF6eSUyMiUyMHJlZmVycmVycG9saWN5JTNEJTIybm8tcmVmZXJyZXItd2hlbi1kb3duZ3JhZGUlMjIlM0UlM0MlMkZpZnJhbWUlM0U=[\/vc_raw_html][\/vc_column][\/vc_row][vc_row css_animation=&#8221;fadeInUp&#8221; css=&#8221;.vc_custom_1484835823186{padding-top: 38px !important;padding-bottom: 41px !important;}&#8221;][vc_column][vc_column_text]\n<h2 style=\"text-align: center;\">Escr\u00edbanos<\/h2>\n[\/vc_column_text][\/vc_column][\/vc_row][vc_row css_animation=&#8221;fadeInUp&#8221; css=&#8221;.vc_custom_1484835812974{margin-bottom: 0px !important;}&#8221;][vc_column]\n<div class=\"wpcf7 no-js\" id=\"wpcf7-f1877-o1\" lang=\"en-US\" dir=\"ltr\" data-wpcf7-id=\"1877\">\n<div class=\"screen-reader-response\"><p role=\"status\" aria-live=\"polite\" aria-atomic=\"true\"><\/p> <ul><\/ul><\/div>\n<form action=\"\/colemexdisenolegal\/wp-json\/wp\/v2\/pages\/1810#wpcf7-f1877-o1\" method=\"post\" class=\"wpcf7-form init\" aria-label=\"Contact form\" novalidate=\"novalidate\" data-status=\"init\">\n<fieldset class=\"hidden-fields-container\"><input type=\"hidden\" name=\"_wpcf7\" value=\"1877\" \/><input type=\"hidden\" name=\"_wpcf7_version\" value=\"6.1.5\" \/><input type=\"hidden\" name=\"_wpcf7_locale\" value=\"en_US\" \/><input type=\"hidden\" name=\"_wpcf7_unit_tag\" value=\"wpcf7-f1877-o1\" \/><input type=\"hidden\" name=\"_wpcf7_container_post\" value=\"0\" \/><input type=\"hidden\" name=\"_wpcf7_posted_data_hash\" value=\"\" \/>\n<\/fieldset>\n<div class=\"row\">\n\t<div class=\"span4\">\n\t\t<p><span class=\"wpcf7-form-control-wrap\" data-name=\"your-name\"><input size=\"40\" maxlength=\"400\" class=\"wpcf7-form-control wpcf7-text wpcf7-validates-as-required\" aria-required=\"true\" aria-invalid=\"false\" placeholder=\"Nombre *\" value=\"\" type=\"text\" name=\"your-name\" \/><\/span>\n\t\t<\/p>\n\t<\/div>\n\t<div class=\"span4\">\n\t\t<p><span class=\"wpcf7-form-control-wrap\" data-name=\"your-email\"><input size=\"40\" maxlength=\"400\" class=\"wpcf7-form-control wpcf7-email wpcf7-validates-as-required wpcf7-text wpcf7-validates-as-email\" aria-required=\"true\" aria-invalid=\"false\" placeholder=\"E-Mail *\" value=\"\" type=\"email\" name=\"your-email\" \/><\/span>\n\t\t<\/p>\n\t<\/div>\n\t<div class=\"span4\">\n\t\t<p><span class=\"wpcf7-form-control-wrap\" data-name=\"tel-280\"><input size=\"40\" maxlength=\"400\" class=\"wpcf7-form-control wpcf7-tel wpcf7-text wpcf7-validates-as-tel\" aria-invalid=\"false\" placeholder=\"Tel\u00e9fono de contacto\" value=\"\" type=\"tel\" name=\"tel-280\" \/><\/span>\n\t\t<\/p>\n\t<\/div>\n\t<p><span id=\"wpcf7-69e737cc61e61-wrapper\" class=\"wpcf7-form-control-wrap trampa-email-wrap\" style=\"display:none !important; visibility:hidden !important;\"><label for=\"wpcf7-69e737cc61e61-field\" class=\"hp-message\">Please leave this field empty.<\/label><input id=\"wpcf7-69e737cc61e61-field\"  class=\"wpcf7-form-control wpcf7-text\" type=\"text\" name=\"trampa-email\" value=\"\" size=\"40\" tabindex=\"-1\" autocomplete=\"new-password\" \/><\/span>\n\t<\/p>\n\t<div class=\"span12 custom_textarea\">\n\t\t<p><span class=\"wpcf7-form-control-wrap\" data-name=\"your-message\"><textarea cols=\"40\" rows=\"10\" maxlength=\"2000\" class=\"wpcf7-form-control wpcf7-textarea\" aria-invalid=\"false\" placeholder=\"Mensaje\" name=\"your-message\"><\/textarea><\/span>\n\t\t<\/p>\n\t\t<p class=\"form-submit_custom text-center\"><input class=\"wpcf7-form-control wpcf7-submit has-spinner\" type=\"submit\" value=\"ENVIAR MENSAJE\" \/>\n\t\t<\/p>\n\t<\/div>\n<\/div><p style=\"display: none !important;\" class=\"akismet-fields-container\" data-prefix=\"_wpcf7_ak_\"><label>&#916;<textarea name=\"_wpcf7_ak_hp_textarea\" cols=\"45\" rows=\"8\" maxlength=\"100\"><\/textarea><\/label><input type=\"hidden\" id=\"ak_js_1\" name=\"_wpcf7_ak_js\" value=\"221\"\/><script>document.getElementById( \"ak_js_1\" ).setAttribute( \"value\", ( new Date() ).getTime() );<\/script><\/p><div class=\"wpcf7-response-output\" aria-hidden=\"true\"><\/div>\n<\/form>\n<\/div>\n[\/vc_column][\/vc_row]\n<\/section>","protected":false},"excerpt":{"rendered":"<p>[vc_row css_animation=&#8221;fadeInUp&#8221; css=&#8221;.vc_custom_1484835823186{padding-top: 38px !important;padding-bottom: 41px !important;}&#8221;][vc_column][vc_column_text] Cont\u00e1ctenos [\/vc_column_text][\/vc_column][\/vc_row][vc_row][vc_column width=&#8221;1\/4&#8243;][gt3_icon_box icon_type=&#8221;font&#8221; icon_fontawesome=&#8221;fas fa-phone-volume&#8221; icon_position=&#8221;top&#8221; css_animation=&#8221;fadeInLeft&#8221; icon_size=&#8221;small&#8221; icon_color=&#8221;#003b74&#8243; title_tag=&#8221;h4&#8243; iconbox_title_size=&#8221;18&#8243; iconbox_content_size=&#8221;16&#8243; title_color=&#8221;#27323d&#8221; text_color=&#8221;#909aa3&#8243; link_color=&#8221;#c24747&#8243; link_hover_color=&#8221;#27323d&#8221; new_tab=&#8221;&#8221; icon_circle=&#8221;&#8221; heading=&#8221;Tel\u00e9fonos&#8221; text=&#8221;(55) 5235-6060(55) 8500-0280&#8243;][vc_empty_space height=&#8221;20px&#8221;][\/vc_column][vc_column width=&#8221;1\/4&#8243;][gt3_icon_box icon_type=&#8221;font&#8221; icon_fontawesome=&#8221;fas fa-map-marker-alt&#8221; icon_position=&#8221;top&#8221; css_animation=&#8221;fadeInUp&#8221; icon_size=&#8221;small&#8221; icon_color=&#8221;#003b74&#8243; title_tag=&#8221;h4&#8243; iconbox_title_size=&#8221;18&#8243; iconbox_content_size=&#8221;16&#8243; title_color=&#8221;#27323d&#8221; text_color=&#8221;#909aa3&#8243; link_color=&#8221;#c24747&#8243; link_hover_color=&#8221;#27323d&#8221; new_tab=&#8221;&#8221; icon_circle=&#8221;&#8221; heading=&#8221;Direcci\u00f3n&#8221; text=&#8221;Diego Arenas Guzm\u00e1n 199, Iztacc\u00edhuatl, Benito [&hellip;]<\/p>\n","protected":false},"author":1,"featured_media":0,"parent":0,"menu_order":0,"comment_status":"closed","ping_status":"closed","template":"","meta":{"footnotes":""},"class_list":["post-1810","page","type-page","status-publish","hentry"],"_links":{"self":[{"href":"https:\/\/grupocolemex.com\/colemexdisenolegal\/wp-json\/wp\/v2\/pages\/1810","targetHints":{"allow":["GET"]}}],"collection":[{"href":"https:\/\/grupocolemex.com\/colemexdisenolegal\/wp-json\/wp\/v2\/pages"}],"about":[{"href":"https:\/\/grupocolemex.com\/colemexdisenolegal\/wp-json\/wp\/v2\/types\/page"}],"author":[{"embeddable":true,"href":"https:\/\/grupocolemex.com\/colemexdisenolegal\/wp-json\/wp\/v2\/users\/1"}],"replies":[{"embeddable":true,"href":"https:\/\/grupocolemex.com\/colemexdisenolegal\/wp-json\/wp\/v2\/comments?post=1810"}],"version-history":[{"count":21,"href":"https:\/\/grupocolemex.com\/colemexdisenolegal\/wp-json\/wp\/v2\/pages\/1810\/revisions"}],"predecessor-version":[{"id":2392,"href":"https:\/\/grupocolemex.com\/colemexdisenolegal\/wp-json\/wp\/v2\/pages\/1810\/revisions\/2392"}],"wp:attachment":[{"href":"https:\/\/grupocolemex.com\/colemexdisenolegal\/wp-json\/wp\/v2\/media?parent=1810"}],"curies":[{"name":"wp","href":"https:\/\/api.w.org\/{rel}","templated":true}]}}