{"id":1766,"date":"2023-12-19T16:12:03","date_gmt":"2023-12-19T22:12:03","guid":{"rendered":"https:\/\/grupocolemex.com\/colemexdisenolegal\/acercar-de-copy\/"},"modified":"2024-04-10T13:24:00","modified_gmt":"2024-04-10T19:24:00","slug":"comercio-electronico","status":"publish","type":"page","link":"https:\/\/grupocolemex.com\/colemexdisenolegal\/comercio-electronico\/","title":{"rendered":"Comercio Electr\u00f3nico"},"content":{"rendered":"<section class=\"wpb-content-wrapper\">[vc_row][vc_column][vc_single_image image=&#8221;1939&#8243; img_size=&#8221;full&#8221;][\/vc_column][\/vc_row][vc_row][vc_column][vc_empty_space height=&#8221;20px&#8221;][\/vc_column][\/vc_row][vc_row][vc_column][vc_column_text]\n<h2>Comercio Electr\u00f3nico<\/h2>\n[\/vc_column_text][\/vc_column][\/vc_row][vc_row css=&#8221;.vc_custom_1703039466315{padding-top: 15px !important;}&#8221;][vc_column][vc_column_text]El comercio electr\u00f3nico es una realidad, por ello es necesario contar con avisos de privacidad en los correos electr\u00f3nicos, as\u00ed como manejar este tipo de informaci\u00f3n \u2013tanto emitida como recibida- de manera estrat\u00e9gica, ya que en la actualidad lo que se comunica por v\u00eda electr\u00f3nica, puede utilizarse como un medio de prueba en las instancias civil, penal, mercantil, administrativo y laboral.<\/p>\n<p><strong>Ofrecemos lo siguiente:<\/strong><\/p>\n<ul>\n<li>Asesor\u00eda en el cumplimiento de las diversas legislaciones que regulan los mensajes de datos<\/li>\n<li>Redacci\u00f3n e implementaci\u00f3n de Avisos de Confidencialidad para correos electr\u00f3nicos<\/li>\n<li>Redacci\u00f3n e implementaci\u00f3n de pagar\u00e9s en facturas electr\u00f3nicas<\/li>\n<li>Implementaci\u00f3n de manuales para el adecuado manejo de los correos electr\u00f3nicos<\/li>\n<\/ul>\n<p>&nbsp;[\/vc_column_text][\/vc_column][\/vc_row][vc_row][vc_column][vc_empty_space height=&#8221;20px&#8221;][\/vc_column][\/vc_row][vc_row][vc_column][vc_separator border_width=&#8221;2&#8243;][\/vc_column][\/vc_row][vc_row][vc_column][vc_empty_space height=&#8221;20px&#8221;][\/vc_column][\/vc_row][vc_row][vc_column][vc_column_text]\n<h2>Otros servicios<\/h2>\n[\/vc_column_text][\/vc_column][\/vc_row][vc_row][vc_column][vc_empty_space height=&#8221;15px&#8221;][\/vc_column][\/vc_row][vc_row][vc_column width=&#8221;1\/6&#8243;][gt3_image_box thumbnail=&#8221;1954&#8243; image_position=&#8221;top&#8221; title_tag=&#8221;h2&#8243; imagebox_title_size=&#8221;14&#8243; imagebox_content_size=&#8221;12&#8243; title_color=&#8221;#27323d&#8221; text_color=&#8221;#73777e&#8221; link_color=&#8221;#003b74&#8243; link_hover_color=&#8221;#c24747&#8243; new_tab=&#8221;&#8221; heading=&#8221;Operaciones con recursos de procedencia il\u00edcita&#8221; url=&#8221;https:\/\/grupocolemex.com\/colemexdisenolegal\/ley-federal-para-la-prevencion-e-identificacion-de-operaciones-con-recursos-de-procedencia-ilicita\/&#8221;][\/vc_column][vc_column width=&#8221;1\/6&#8243;][gt3_image_box thumbnail=&#8221;1951&#8243; image_position=&#8221;top&#8221; title_tag=&#8221;h2&#8243; imagebox_title_size=&#8221;14&#8243; imagebox_content_size=&#8221;12&#8243; title_color=&#8221;#27323d&#8221; text_color=&#8221;#73777e&#8221; link_color=&#8221;#003b74&#8243; link_hover_color=&#8221;#c24747&#8243; new_tab=&#8221;&#8221; heading=&#8221;Estrategias de prevenci\u00f3n y defensa&#8221; url=&#8221;https:\/\/grupocolemex.com\/colemexdisenolegal\/estrategias-de-prevencion-y-defensa\/&#8221;][\/vc_column][vc_column width=&#8221;1\/6&#8243;][gt3_image_box thumbnail=&#8221;1950&#8243; image_position=&#8221;top&#8221; title_tag=&#8221;h2&#8243; imagebox_title_size=&#8221;14&#8243; imagebox_content_size=&#8221;12&#8243; title_color=&#8221;#27323d&#8221; text_color=&#8221;#73777e&#8221; link_color=&#8221;#003b74&#8243; link_hover_color=&#8221;#c24747&#8243; new_tab=&#8221;&#8221; heading=&#8221;Equidad de g\u00e9nero y prevenci\u00f3n de la violencia laboral&#8221; url=&#8221;https:\/\/grupocolemex.com\/colemexdisenolegal\/equidad-de-genero-y-prevencion-de-la-violencia-laboral\/&#8221;][\/vc_column][vc_column width=&#8221;1\/6&#8243;][gt3_image_box thumbnail=&#8221;2093&#8243; image_position=&#8221;top&#8221; title_tag=&#8221;h2&#8243; imagebox_title_size=&#8221;14&#8243; imagebox_content_size=&#8221;12&#8243; title_color=&#8221;#27323d&#8221; text_color=&#8221;#73777e&#8221; link_color=&#8221;#003b74&#8243; link_hover_color=&#8221;#c24747&#8243; new_tab=&#8221;&#8221; heading=&#8221;Seguridad Privada&#8221; url=&#8221;https:\/\/grupocolemex.com\/colemexdisenolegal\/seguridad-privada\/&#8221;][\/vc_column][vc_column width=&#8221;1\/6&#8243;][gt3_image_box thumbnail=&#8221;2227&#8243; image_position=&#8221;top&#8221; title_tag=&#8221;h2&#8243; imagebox_title_size=&#8221;14&#8243; imagebox_content_size=&#8221;12&#8243; title_color=&#8221;#27323d&#8221; text_color=&#8221;#73777e&#8221; link_color=&#8221;#003b74&#8243; link_hover_color=&#8221;#c24747&#8243; new_tab=&#8221;&#8221; heading=&#8221;Litigio&#8221; url=&#8221;https:\/\/grupocolemex.com\/colemexdisenolegal\/litigio\/&#8221;][\/vc_column][vc_column width=&#8221;1\/6&#8243;][gt3_image_box thumbnail=&#8221;1949&#8243; image_position=&#8221;top&#8221; title_tag=&#8221;h2&#8243; imagebox_title_size=&#8221;14&#8243; imagebox_content_size=&#8221;12&#8243; title_color=&#8221;#27323d&#8221; text_color=&#8221;#73777e&#8221; link_color=&#8221;#003b74&#8243; link_hover_color=&#8221;#c24747&#8243; new_tab=&#8221;&#8221; heading=&#8221;Defensa de Servidores P\u00fablicos&#8221; url=&#8221;https:\/\/grupocolemex.com\/colemexdisenolegal\/defensa-de-servidores-publicos\/&#8221;][\/vc_column][\/vc_row]\n<\/section>","protected":false},"excerpt":{"rendered":"<p>[vc_row][vc_column][vc_single_image image=&#8221;1939&#8243; img_size=&#8221;full&#8221;][\/vc_column][\/vc_row][vc_row][vc_column][vc_empty_space height=&#8221;20px&#8221;][\/vc_column][\/vc_row][vc_row][vc_column][vc_column_text] Comercio Electr\u00f3nico [\/vc_column_text][\/vc_column][\/vc_row][vc_row css=&#8221;.vc_custom_1703039466315{padding-top: 15px !important;}&#8221;][vc_column][vc_column_text]El comercio electr\u00f3nico es una realidad, por ello es necesario contar con avisos de privacidad en los correos electr\u00f3nicos, as\u00ed como manejar este tipo de informaci\u00f3n \u2013tanto emitida como recibida- de manera estrat\u00e9gica, ya que en la actualidad lo que se comunica por v\u00eda electr\u00f3nica, puede [&hellip;]<\/p>\n","protected":false},"author":1,"featured_media":0,"parent":0,"menu_order":0,"comment_status":"closed","ping_status":"closed","template":"","meta":{"footnotes":""},"class_list":["post-1766","page","type-page","status-publish","hentry"],"_links":{"self":[{"href":"https:\/\/grupocolemex.com\/colemexdisenolegal\/wp-json\/wp\/v2\/pages\/1766","targetHints":{"allow":["GET"]}}],"collection":[{"href":"https:\/\/grupocolemex.com\/colemexdisenolegal\/wp-json\/wp\/v2\/pages"}],"about":[{"href":"https:\/\/grupocolemex.com\/colemexdisenolegal\/wp-json\/wp\/v2\/types\/page"}],"author":[{"embeddable":true,"href":"https:\/\/grupocolemex.com\/colemexdisenolegal\/wp-json\/wp\/v2\/users\/1"}],"replies":[{"embeddable":true,"href":"https:\/\/grupocolemex.com\/colemexdisenolegal\/wp-json\/wp\/v2\/comments?post=1766"}],"version-history":[{"count":49,"href":"https:\/\/grupocolemex.com\/colemexdisenolegal\/wp-json\/wp\/v2\/pages\/1766\/revisions"}],"predecessor-version":[{"id":2229,"href":"https:\/\/grupocolemex.com\/colemexdisenolegal\/wp-json\/wp\/v2\/pages\/1766\/revisions\/2229"}],"wp:attachment":[{"href":"https:\/\/grupocolemex.com\/colemexdisenolegal\/wp-json\/wp\/v2\/media?parent=1766"}],"curies":[{"name":"wp","href":"https:\/\/api.w.org\/{rel}","templated":true}]}}