{"id":1750,"date":"2023-12-19T14:28:02","date_gmt":"2023-12-19T20:28:02","guid":{"rendered":"https:\/\/grupocolemex.com\/colemexdisenolegal\/?page_id=1750"},"modified":"2024-10-21T16:03:14","modified_gmt":"2024-10-21T22:03:14","slug":"acercar-de","status":"publish","type":"page","link":"https:\/\/grupocolemex.com\/colemexdisenolegal\/acercar-de\/","title":{"rendered":"Acerca de"},"content":{"rendered":"<section class=\"wpb-content-wrapper\">[vc_row][vc_column][vc_single_image image=&#8221;2403&#8243; img_size=&#8221;full&#8221;][\/vc_column][\/vc_row][vc_row][vc_column][vc_empty_space][\/vc_column][\/vc_row][vc_row][vc_column][vc_column_text]\n<h2>Historia<\/h2>\n[\/vc_column_text][\/vc_column][\/vc_row][vc_row css=&#8221;.vc_custom_1712775280593{padding-top: 15px !important;padding-bottom: 15px !important;}&#8221;][vc_column][vc_column_text]<strong>COLEMEX Dise\u00f1o Legal<\/strong> es una firma que pertenece a <strong>Grupo Colemex<\/strong>, de abogados, acad\u00e9micos y consultores en negocios. Fundada el 1 de febrero del a\u00f1o 2003 por el Maestro en Derecho Ignacio Hern\u00e1ndez Ordu\u00f1a, la firma se ha consolidado como una empresa de gran compromiso y constante crecimiento. Surgi\u00f3 por la necesidad de otorgar un servicio integral en las ramas del derecho, lo que contin\u00faa siendo nuestra finalidad y lo hemos alcanzado al unir la experiencia, informaci\u00f3n, esfuerzo y t\u00e9cnica en beneficio de nuestros clientes. Lo anterior, a trav\u00e9s de servicios jur\u00eddicos en las siguientes especialidades: <strong>Juicios de Amparo, Derecho Administrativo, Civil, Corporativo, Familiar, Laboral, Mercantil, Penal, Procesal Constitucional y Propiedad Industrial e Intelectual, Defensa de servidores p\u00fablicos, Seguros y Fianzas, Seguridad Social, Fiscal y Comercio Exterior<\/strong>.<\/p>\n<p>En <strong>COLEMEX Dise\u00f1o Legal<\/strong> sabemos la importancia de la constante actualizaci\u00f3n, por lo que la capacitaci\u00f3n de nuestro equipo de asesores es permanente.[\/vc_column_text][\/vc_column][\/vc_row][vc_row][vc_column][vc_empty_space height=&#8221;25px&#8221;][\/vc_column][\/vc_row][vc_row][vc_column][vc_column_text]\n<h2>Misi\u00f3n<\/h2>\n[\/vc_column_text][\/vc_column][\/vc_row][vc_row css=&#8221;.vc_custom_1703039605784{padding-top: 15px !important;padding-bottom: 15px !important;}&#8221;][vc_column][vc_column_text]\n<blockquote>\n<p>Brindar atenci\u00f3n calificada y personalizada a nuestros clientes, bas\u00e1ndonos en el profesionalismo, estudio y actualizaci\u00f3n constante, para alcanzar su m\u00e1ximo beneficio, as\u00ed como para lograr la superaci\u00f3n de la firma, en un ambiente de calidez y estrecha comunicaci\u00f3n, con el principal objetivo de servir.<\/p>\n<\/blockquote>\n[\/vc_column_text][\/vc_column][\/vc_row][vc_row][vc_column][vc_empty_space height=&#8221;25px&#8221;][\/vc_column][\/vc_row][vc_row][vc_column][vc_column_text]\n<h2>Objetivos<\/h2>\n[\/vc_column_text][\/vc_column][\/vc_row][vc_row css=&#8221;.vc_custom_1703039605784{padding-top: 15px !important;padding-bottom: 15px !important;}&#8221;][vc_column][vc_column_text]Como consecuencia de la misi\u00f3n que tiene fijada la firma, contamos con asesor\u00eda en distintas ramas del derecho, as\u00ed como en otras materias con base en los siguientes objetivos:<\/p>\n<ul>\n<li><strong>Ofrecer servicios jur\u00eddicos<\/strong> especializados de alta calidad, brindando un trato personalizado y de calidez a nuestros clientes.<\/li>\n<li><strong>Resolver los conflictos<\/strong> de nuestros clientes de manera oportuna y eficiente, evit\u00e1ndoles futuras complicaciones.<\/li>\n<li><strong>Implementar programas<\/strong> que nos permitan excelencia en la prestaci\u00f3n de servicios, en beneficio de nuestros clientes.<\/li>\n<li>En caso de no poder evitar un proceso judicial, <strong>establecer una estrategia jur\u00eddica adecuada que origine un menor gasto a nuestros clientes<\/strong>.<\/li>\n<li><strong>Brindar un servicio \u00f3ptimo en tiempo y calidad<\/strong> en beneficio de nuestros clientes.<\/li>\n<li><strong>Aportar nuestra experiencia y conocimientos<\/strong> en el desarrollo de la ciencia jur\u00eddica.<\/li>\n<li style=\"font-weight: 400;\" aria-level=\"1\"><strong>Dise\u00f1ar estrategias de prevenci\u00f3n<\/strong> para disminuir los riesgos de posibles litigios de nuestros clientes.<\/li>\n<li style=\"font-weight: 400;\" aria-level=\"1\"><strong>Dise\u00f1ar una defensa transversal<\/strong> entre las diversas ramas del derecho que disminuya los costos al cliente, obteniendo un resultado integral.<\/li>\n<\/ul>\n[\/vc_column_text][\/vc_column][\/vc_row][vc_row][vc_column][vc_empty_space height=&#8221;25px&#8221;][\/vc_column][\/vc_row][vc_row][vc_column][vc_column_text]\n<h2>Principios<\/h2>\n[\/vc_column_text][\/vc_column][\/vc_row][vc_row css=&#8221;.vc_custom_1703039605784{padding-top: 15px !important;padding-bottom: 15px !important;}&#8221;][vc_column][vc_column_text]\n<ul>\n<li><strong>HONESTIDAD<\/strong><br \/>\nM\u00e1s all\u00e1 de cautivar a los clientes a partir de mentiras y falsas promesas, estudiamos y analizamos los asuntos para hacer un planteamiento real, integral y comprensible, acerca del grado de complejidad del asunto planteado, y es el propio cliente quien decide la alternativa que m\u00e1s convenga a sus intereses.<\/li>\n<li><strong>LEALTAD<\/strong><br \/>\nJam\u00e1s traicionar los intereses de nuestros clientes; al momento en que decidimos tomar el compromiso de atender un caso, nos hacemos participes de sus intereses y con apego a la ley, los defendemos como propios.<\/li>\n<li><strong>ESP\u00cdRITU DE SERVICIO<\/strong><br \/>\nEn nuestra firma impera el criterio de la satisfacci\u00f3n, a partir del deber cumplido y saber que los compromisos tomados con nuestros clientes son lo m\u00e1s importante.<\/li>\n<li><strong>PROFESIONALISMO<\/strong><br \/>\nNuestro equipo tienen gran capacidad y nivel acad\u00e9mico, fundamentado en una vocaci\u00f3n real y no en el ejercicio de la profesi\u00f3n como una manera de lucro desmesurado.<\/li>\n<li><strong>ACTUALIZACI\u00d3N<\/strong><br \/>\nAnte el constante cambio y adecuaci\u00f3n de las leyes y normatividades que regulan las relaciones humanas, nos ocupamos diariamente de conocer, comprender y dar la aplicaci\u00f3n adecuada en beneficio de nuestros clientes.<\/li>\n<li><strong>NO DISCRIMINACI\u00d3N<\/strong><br \/>\nTodas las personas que solicitan nuestro apoyo son atendidas con el mismo compromiso sin importar su condici\u00f3n social y f\u00edsica, preferencias sexuales, religi\u00f3n, color, sexo, idioma, nacionalidad, origen \u00e9tnico, posici\u00f3n econ\u00f3mica, ni ning\u00fan otro.<\/li>\n<\/ul>\n[\/vc_column_text][\/vc_column][\/vc_row]\n<\/section>","protected":false},"excerpt":{"rendered":"<p>[vc_row][vc_column][vc_single_image image=&#8221;2403&#8243; img_size=&#8221;full&#8221;][\/vc_column][\/vc_row][vc_row][vc_column][vc_empty_space][\/vc_column][\/vc_row][vc_row][vc_column][vc_column_text] Historia [\/vc_column_text][\/vc_column][\/vc_row][vc_row css=&#8221;.vc_custom_1712775280593{padding-top: 15px !important;padding-bottom: 15px !important;}&#8221;][vc_column][vc_column_text]COLEMEX Dise\u00f1o Legal es una firma que pertenece a Grupo Colemex, de abogados, acad\u00e9micos y consultores en negocios. Fundada el 1 de febrero del a\u00f1o 2003 por el Maestro en Derecho Ignacio Hern\u00e1ndez Ordu\u00f1a, la firma se ha consolidado como una empresa de gran compromiso y [&hellip;]<\/p>\n","protected":false},"author":1,"featured_media":0,"parent":0,"menu_order":0,"comment_status":"closed","ping_status":"closed","template":"","meta":{"footnotes":""},"class_list":["post-1750","page","type-page","status-publish","hentry"],"_links":{"self":[{"href":"https:\/\/grupocolemex.com\/colemexdisenolegal\/wp-json\/wp\/v2\/pages\/1750","targetHints":{"allow":["GET"]}}],"collection":[{"href":"https:\/\/grupocolemex.com\/colemexdisenolegal\/wp-json\/wp\/v2\/pages"}],"about":[{"href":"https:\/\/grupocolemex.com\/colemexdisenolegal\/wp-json\/wp\/v2\/types\/page"}],"author":[{"embeddable":true,"href":"https:\/\/grupocolemex.com\/colemexdisenolegal\/wp-json\/wp\/v2\/users\/1"}],"replies":[{"embeddable":true,"href":"https:\/\/grupocolemex.com\/colemexdisenolegal\/wp-json\/wp\/v2\/comments?post=1750"}],"version-history":[{"count":37,"href":"https:\/\/grupocolemex.com\/colemexdisenolegal\/wp-json\/wp\/v2\/pages\/1750\/revisions"}],"predecessor-version":[{"id":2404,"href":"https:\/\/grupocolemex.com\/colemexdisenolegal\/wp-json\/wp\/v2\/pages\/1750\/revisions\/2404"}],"wp:attachment":[{"href":"https:\/\/grupocolemex.com\/colemexdisenolegal\/wp-json\/wp\/v2\/media?parent=1750"}],"curies":[{"name":"wp","href":"https:\/\/api.w.org\/{rel}","templated":true}]}}